{"id":8867,"date":"2026-02-23T16:59:18","date_gmt":"2026-02-23T15:59:18","guid":{"rendered":"https:\/\/www.c2dprevention.com\/?page_id=8867"},"modified":"2026-02-28T02:42:21","modified_gmt":"2026-02-28T01:42:21","slug":"safety-escape-game-workshop","status":"publish","type":"page","link":"https:\/\/www.c2dprevention.com\/en\/workshops\/safety-escape-game-workshop\/","title":{"rendered":"Safety Escape Game Workshop"},"content":{"rendered":"\t\t<div data-elementor-type=\"wp-page\" data-elementor-id=\"8867\" class=\"elementor elementor-8867 elementor-8866\" data-elementor-post-type=\"page\">\n\t\t\t\t<div class=\"elementor-element elementor-element-898a11a e-flex e-con-boxed e-con e-parent\" data-id=\"898a11a\" data-element_type=\"container\" data-settings=\"{&quot;background_background&quot;:&quot;classic&quot;}\">\n\t\t\t\t\t<div class=\"e-con-inner\">\n\t\t\t\t<div class=\"elementor-element elementor-element-122672a breadcrumbs elementor-widget elementor-widget-breadcrumbs\" data-id=\"122672a\" data-element_type=\"widget\" data-widget_type=\"breadcrumbs.default\">\n\t\t\t\t\t<p id=\"breadcrumbs\"><span><span><a href=\"https:\/\/www.c2dprevention.com\/en\/accueil-v3-2\/\">Home<\/a><\/span><\/span><\/p>\t\t\t\t<\/div>\n\t\t\t\t\t<\/div>\n\t\t\t\t<\/div>\n\t\t<div class=\"elementor-element elementor-element-8568723 e-flex e-con-boxed e-con e-parent\" data-id=\"8568723\" data-element_type=\"container\">\n\t\t\t\t\t<div class=\"e-con-inner\">\n\t\t<div class=\"elementor-element elementor-element-52ddae7 e-con-full e-flex e-con e-child\" data-id=\"52ddae7\" data-element_type=\"container\">\n\t\t\t\t<div class=\"elementor-element elementor-element-ca1cd6a titre_balise elementor-widget elementor-widget-heading\" data-id=\"ca1cd6a\" data-element_type=\"widget\" data-widget_type=\"heading.default\">\n\t\t\t\t\t<p class=\"elementor-heading-title elementor-size-default\">WORKSHOP<\/p>\t\t\t\t<\/div>\n\t\t\t\t<div class=\"elementor-element elementor-element-3876ebc titre_1 elementor-widget elementor-widget-heading\" data-id=\"3876ebc\" data-element_type=\"widget\" data-widget_type=\"heading.default\">\n\t\t\t\t\t<h1 class=\"elementor-heading-title elementor-size-default\">Safety Escape Game Workshop<\/h1>\t\t\t\t<\/div>\n\t\t\t\t<div class=\"elementor-element elementor-element-f306b8c bg_spe_3 elementor-widget elementor-widget-theme-post-featured-image elementor-widget-image\" data-id=\"f306b8c\" data-element_type=\"widget\" data-widget_type=\"theme-post-featured-image.default\">\n\t\t\t\t\t\t\t\t\t\t\t\t\t\t\t<img fetchpriority=\"high\" decoding=\"async\" width=\"780\" height=\"780\" src=\"https:\/\/www.c2dprevention.com\/wp-content\/uploads\/2026\/02\/designer-780x780.jpg\" class=\"attachment-thumbnail size-thumbnail wp-image-8884\" alt=\"Une \u00e9quipe de salari\u00e9s participent \u00e0 un atelier Escape Game S\u00e9curit\u00e9\" srcset=\"https:\/\/www.c2dprevention.com\/wp-content\/uploads\/2026\/02\/designer-780x780.jpg 780w, https:\/\/www.c2dprevention.com\/wp-content\/uploads\/2026\/02\/designer.jpg 1024w\" sizes=\"(max-width: 780px) 100vw, 780px\" \/>\t\t\t\t\t\t\t\t\t\t\t\t\t\t\t<\/div>\n\t\t\t\t<div class=\"elementor-element elementor-element-d8192fb sub_titre elementor-widget elementor-widget-heading\" data-id=\"d8192fb\" data-element_type=\"widget\" data-widget_type=\"heading.default\">\n\t\t\t\t\t<h2 class=\"elementor-heading-title elementor-size-default\">YOU HAVE 45 MINUTES TO PREVENT A WORKPLACE ACCIDENT!<\/h2>\t\t\t\t<\/div>\n\t\t\t\t<div class=\"elementor-element elementor-element-e490e74 elementor-widget elementor-widget-text-editor\" data-id=\"e490e74\" data-element_type=\"widget\" data-widget_type=\"text-editor.default\">\n\t\t\t\t\t\t\t\t\t<p style=\"font-weight: 400;\">Your employees must combine their skills to find clues, solve puzzles, and prevent the accident within a limited time.<\/p><p style=\"font-weight: 400;\"><strong>A tailor-made scenario<\/strong> is designed to address your specific challenges and the messages you wish to convey.<\/p><p style=\"font-weight: 400;\">The Safety Escape Game workshop strengthens team cohesion while developing risk analysis skills and prevention reflexes.<\/p>\t\t\t\t\t\t\t\t<\/div>\n\t\t\t\t<\/div>\n\t\t<div class=\"elementor-element elementor-element-9185f48 e-con-full e-flex e-con e-child\" data-id=\"9185f48\" data-element_type=\"container\">\n\t\t<div class=\"elementor-element elementor-element-1adfc79 e-con-full bloc_atelier_info  e-flex e-con e-child\" data-id=\"1adfc79\" data-element_type=\"container\">\n\t\t\t\t<div class=\"elementor-element elementor-element-76dc05a titre_spe_2 elementor-widget elementor-widget-heading\" data-id=\"76dc05a\" data-element_type=\"widget\" data-widget_type=\"heading.default\">\n\t\t\t\t\t<h2 class=\"elementor-heading-title elementor-size-default\"><b>OBJECTIVE<\/b><\/h2>\t\t\t\t<\/div>\n\t\t\t\t<div class=\"elementor-element elementor-element-f2ac9fa elementor-widget elementor-widget-text-editor\" data-id=\"f2ac9fa\" data-element_type=\"widget\" data-widget_type=\"text-editor.default\">\n\t\t\t\t\t\t\t\t\t<p style=\"font-weight: 400;\">Address your company\u2019s safety messages through a puzzle-based game.<\/p>\t\t\t\t\t\t\t\t<\/div>\n\t\t\t\t<div class=\"elementor-element elementor-element-0a36c8c titre_spe_2 elementor-widget elementor-widget-heading\" data-id=\"0a36c8c\" data-element_type=\"widget\" data-widget_type=\"heading.default\">\n\t\t\t\t\t<h2 class=\"elementor-heading-title elementor-size-default\"><b>CONTENT<\/b><\/h2>\t\t\t\t<\/div>\n\t\t\t\t<div class=\"elementor-element elementor-element-303d86c liste_puce_2 elementor-widget elementor-widget-text-editor\" data-id=\"303d86c\" data-element_type=\"widget\" data-widget_type=\"text-editor.default\">\n\t\t\t\t\t\t\t\t\t<ul><li style=\"font-weight: 400;\">Solving riddles, brainteasers, and logic games<\/li><li style=\"font-weight: 400;\">Discovery of a workplace accident scenario<\/li><li style=\"font-weight: 400;\">Identification of root causes and corresponding preventive measures<\/li><li style=\"font-weight: 400;\">Communication of key company safety messages<\/li><\/ul>\t\t\t\t\t\t\t\t<\/div>\n\t\t\t\t<div class=\"elementor-element elementor-element-e9cd945 titre_spe_2 elementor-widget elementor-widget-heading\" data-id=\"e9cd945\" data-element_type=\"widget\" data-widget_type=\"heading.default\">\n\t\t\t\t\t<h2 class=\"elementor-heading-title elementor-size-default\"><b>FORMAT<\/b><\/h2>\t\t\t\t<\/div>\n\t\t\t\t<div class=\"elementor-element elementor-element-84fb268 liste_puce_2 elementor-widget elementor-widget-text-editor\" data-id=\"84fb268\" data-element_type=\"widget\" data-widget_type=\"text-editor.default\">\n\t\t\t\t\t\t\t\t\t<ul><li style=\"font-weight: 400;\"><strong>Team building<\/strong>, participative exchanges<\/li><\/ul>\t\t\t\t\t\t\t\t<\/div>\n\t\t\t\t<\/div>\n\t\t\t\t<div class=\"elementor-element elementor-element-0da686d elementor-widget elementor-widget-text-editor\" data-id=\"0da686d\" data-element_type=\"widget\" data-widget_type=\"text-editor.default\">\n\t\t\t\t\t\t\t\t\t<p style=\"text-align: center;\"><strong>MAKE PREVENTION A REFLEX!<\/strong><br \/><span class=\"link_color3\"><a href=\"#\"><strong>REGISTER YOUR COMPANY NOW<\/strong><\/a><\/span><br \/>and ensure a safer work environment for everyone!\u00a0<\/p>\t\t\t\t\t\t\t\t<\/div>\n\t\t\t\t<div class=\"elementor-element elementor-element-cd7293b elementor-align-center btn_cta_1 elementor-widget elementor-widget-button\" data-id=\"cd7293b\" data-element_type=\"widget\" data-widget_type=\"button.default\">\n\t\t\t\t\t\t\t\t\t\t<a class=\"elementor-button elementor-button-link elementor-size-sm\" href=\"https:\/\/www.c2dprevention.com\/en\/contact\/\">\n\t\t\t\t\t\t<span class=\"elementor-button-content-wrapper\">\n\t\t\t\t\t\t<span class=\"elementor-button-icon\">\n\t\t\t\t<svg xmlns=\"http:\/\/www.w3.org\/2000\/svg\" id=\"uuid-101ee6d2-5b95-4457-aa84-7135214c2a36\" viewBox=\"0 0 60 60\"><g id=\"uuid-0cb23f46-5506-40ea-b00b-933db2d7f9cf\"><path id=\"uuid-50d45051-4c8a-41bb-b1c1-e2a9ceb02cc9\" d=\"M56.09,10H3.91c-2.16,0-3.91,1.75-3.91,3.9v34.47c0,2.15,1.75,3.9,3.91,3.9h52.17c2.16,0,3.91-1.75,3.91-3.9V13.9c0-2.15-1.75-3.9-3.91-3.9ZM54.7,13.02l-22.46,22.16c-1.24,1.22-3.23,1.22-4.48,0L5.31,13.02h49.39ZM3.03,46.81V15.02l15.22,15.03L3.03,46.81ZM4.89,49.25l15.52-17.07,5.22,5.15c2.43,2.38,6.32,2.38,8.74,0l5.12-5.05,15.59,16.95H4.89ZM56.97,46.84l-15.33-16.68,15.33-15.13v31.81Z\" stroke=\"#000\" stroke-miterlimit=\"10\"><\/path><\/g><\/svg>\t\t\t<\/span>\n\t\t\t\t\t\t\t\t\t<span class=\"elementor-button-text\">CONTACT C2D PR\u00c9VENTION<\/span>\n\t\t\t\t\t<\/span>\n\t\t\t\t\t<\/a>\n\t\t\t\t\t\t\t\t<\/div>\n\t\t\t\t<\/div>\n\t\t\t\t\t<\/div>\n\t\t\t\t<\/div>\n\t\t\t\t<\/div>\n\t\t","protected":false},"excerpt":{"rendered":"<p>Preventing Musculoskeletal Disorders and Enhancing Workplace Comfort <\/p>\n","protected":false},"author":6,"featured_media":8884,"parent":3800,"menu_order":20,"comment_status":"closed","ping_status":"closed","template":"","meta":{"_acf_changed":false,"_yoast_wpseo_focuskw":"","_yoast_wpseo_title":"Posture and Movement Workshop \u2013 C2D Pr\u00e9vention","_yoast_wpseo_metadesc":"Workshop by C2D Pr\u00e9vention focused on appropriate movements and posture for workplace demands.","_yoast_wpseo_meta-robots-noindex":"","_yoast_wpseo_meta-robots-nofollow":"","_yoast_wpseo_opengraph-title":"","_yoast_wpseo_opengraph-description":"","_yoast_wpseo_twitter-title":"","_yoast_wpseo_twitter-description":"","inline_featured_image":false,"_yoast_wpseo_focuskw_text_input":"","footnotes":""},"categories":[42],"tags":[],"class_list":["post-8867","page","type-page","status-publish","has-post-thumbnail","hentry","category-ateliers-pages-en"],"acf":[],"yoast_head":"<!-- This site is optimized with the Yoast SEO plugin v26.6 - https:\/\/yoast.com\/wordpress\/plugins\/seo\/ -->\n<title>Posture and Movement Workshop \u2013 C2D Pr\u00e9vention<\/title>\n<meta name=\"description\" content=\"Workshop by C2D Pr\u00e9vention focused on appropriate movements and posture for workplace demands.\" \/>\n<meta name=\"robots\" content=\"index, follow, max-snippet:-1, max-image-preview:large, max-video-preview:-1\" \/>\n<link rel=\"canonical\" href=\"https:\/\/www.c2dprevention.com\/en\/workshops\/safety-escape-game-workshop\/\" \/>\n<meta property=\"og:locale\" content=\"en_US\" \/>\n<meta property=\"og:type\" content=\"article\" \/>\n<meta property=\"og:title\" content=\"Posture and Movement Workshop \u2013 C2D Pr\u00e9vention\" \/>\n<meta property=\"og:description\" content=\"Workshop by C2D Pr\u00e9vention focused on appropriate movements and posture for workplace demands.\" \/>\n<meta property=\"og:url\" content=\"https:\/\/www.c2dprevention.com\/en\/workshops\/safety-escape-game-workshop\/\" \/>\n<meta property=\"og:site_name\" content=\"C2D Prevention\" \/>\n<meta property=\"article:modified_time\" content=\"2026-02-28T01:42:21+00:00\" \/>\n<meta property=\"og:image\" content=\"https:\/\/www.c2dprevention.com\/wp-content\/uploads\/2026\/02\/designer.jpg\" \/>\n\t<meta property=\"og:image:width\" content=\"1024\" \/>\n\t<meta property=\"og:image:height\" content=\"1024\" \/>\n\t<meta property=\"og:image:type\" content=\"image\/jpeg\" \/>\n<meta name=\"twitter:card\" content=\"summary_large_image\" \/>\n<meta name=\"twitter:label1\" content=\"Est. reading time\" \/>\n\t<meta name=\"twitter:data1\" content=\"1 minute\" \/>\n<script type=\"application\/ld+json\" class=\"yoast-schema-graph\">{\"@context\":\"https:\/\/schema.org\",\"@graph\":[{\"@type\":\"WebPage\",\"@id\":\"https:\/\/www.c2dprevention.com\/en\/workshops\/safety-escape-game-workshop\/\",\"url\":\"https:\/\/www.c2dprevention.com\/en\/workshops\/safety-escape-game-workshop\/\",\"name\":\"Posture and Movement Workshop \u2013 C2D Pr\u00e9vention\",\"isPartOf\":{\"@id\":\"https:\/\/www.c2dprevention.com\/en\/#website\"},\"primaryImageOfPage\":{\"@id\":\"https:\/\/www.c2dprevention.com\/en\/workshops\/safety-escape-game-workshop\/#primaryimage\"},\"image\":{\"@id\":\"https:\/\/www.c2dprevention.com\/en\/workshops\/safety-escape-game-workshop\/#primaryimage\"},\"thumbnailUrl\":\"https:\/\/www.c2dprevention.com\/wp-content\/uploads\/2026\/02\/designer.jpg\",\"datePublished\":\"2026-02-23T15:59:18+00:00\",\"dateModified\":\"2026-02-28T01:42:21+00:00\",\"description\":\"Workshop by C2D Pr\u00e9vention focused on appropriate movements and posture for workplace demands.\",\"breadcrumb\":{\"@id\":\"https:\/\/www.c2dprevention.com\/en\/workshops\/safety-escape-game-workshop\/#breadcrumb\"},\"inLanguage\":\"en-US\",\"potentialAction\":[{\"@type\":\"ReadAction\",\"target\":[\"https:\/\/www.c2dprevention.com\/en\/workshops\/safety-escape-game-workshop\/\"]}]},{\"@type\":\"ImageObject\",\"inLanguage\":\"en-US\",\"@id\":\"https:\/\/www.c2dprevention.com\/en\/workshops\/safety-escape-game-workshop\/#primaryimage\",\"url\":\"https:\/\/www.c2dprevention.com\/wp-content\/uploads\/2026\/02\/designer.jpg\",\"contentUrl\":\"https:\/\/www.c2dprevention.com\/wp-content\/uploads\/2026\/02\/designer.jpg\",\"width\":1024,\"height\":1024,\"caption\":\"Une \u00e9quipe de salari\u00e9s participent \u00e0 un atelier Escape Game S\u00e9curit\u00e9\"},{\"@type\":\"BreadcrumbList\",\"@id\":\"https:\/\/www.c2dprevention.com\/en\/workshops\/safety-escape-game-workshop\/#breadcrumb\",\"itemListElement\":[{\"@type\":\"ListItem\",\"position\":1,\"name\":\"Home\",\"item\":\"https:\/\/www.c2dprevention.com\/en\/accueil-v3-2\/\"},{\"@type\":\"ListItem\",\"position\":2,\"name\":\"Workshops\",\"item\":\"https:\/\/www.c2dprevention.com\/en\/workshops\/\"},{\"@type\":\"ListItem\",\"position\":3,\"name\":\"Safety Escape Game Workshop\"}]},{\"@type\":\"WebSite\",\"@id\":\"https:\/\/www.c2dprevention.com\/en\/#website\",\"url\":\"https:\/\/www.c2dprevention.com\/en\/\",\"name\":\"C2D Prevention\",\"description\":\"\",\"publisher\":{\"@id\":\"https:\/\/www.c2dprevention.com\/en\/#organization\"},\"potentialAction\":[{\"@type\":\"SearchAction\",\"target\":{\"@type\":\"EntryPoint\",\"urlTemplate\":\"https:\/\/www.c2dprevention.com\/en\/?s={search_term_string}\"},\"query-input\":{\"@type\":\"PropertyValueSpecification\",\"valueRequired\":true,\"valueName\":\"search_term_string\"}}],\"inLanguage\":\"en-US\"},{\"@type\":\"Organization\",\"@id\":\"https:\/\/www.c2dprevention.com\/en\/#organization\",\"name\":\"C2D Prevention\",\"url\":\"https:\/\/www.c2dprevention.com\/en\/\",\"logo\":{\"@type\":\"ImageObject\",\"inLanguage\":\"en-US\",\"@id\":\"https:\/\/www.c2dprevention.com\/en\/#\/schema\/logo\/image\/\",\"url\":\"https:\/\/www.c2dprevention.com\/wp-content\/uploads\/2025\/05\/logoc2d.svg\",\"contentUrl\":\"https:\/\/www.c2dprevention.com\/wp-content\/uploads\/2025\/05\/logoc2d.svg\",\"width\":100,\"height\":58,\"caption\":\"C2D Prevention\"},\"image\":{\"@id\":\"https:\/\/www.c2dprevention.com\/en\/#\/schema\/logo\/image\/\"}}]}<\/script>\n<!-- \/ Yoast SEO plugin. -->","yoast_head_json":{"title":"Posture and Movement Workshop \u2013 C2D Pr\u00e9vention","description":"Workshop by C2D Pr\u00e9vention focused on appropriate movements and posture for workplace demands.","robots":{"index":"index","follow":"follow","max-snippet":"max-snippet:-1","max-image-preview":"max-image-preview:large","max-video-preview":"max-video-preview:-1"},"canonical":"https:\/\/www.c2dprevention.com\/en\/workshops\/safety-escape-game-workshop\/","og_locale":"en_US","og_type":"article","og_title":"Posture and Movement Workshop \u2013 C2D Pr\u00e9vention","og_description":"Workshop by C2D Pr\u00e9vention focused on appropriate movements and posture for workplace demands.","og_url":"https:\/\/www.c2dprevention.com\/en\/workshops\/safety-escape-game-workshop\/","og_site_name":"C2D Prevention","article_modified_time":"2026-02-28T01:42:21+00:00","og_image":[{"width":1024,"height":1024,"url":"https:\/\/www.c2dprevention.com\/wp-content\/uploads\/2026\/02\/designer.jpg","type":"image\/jpeg"}],"twitter_card":"summary_large_image","twitter_misc":{"Est. reading time":"1 minute"},"schema":{"@context":"https:\/\/schema.org","@graph":[{"@type":"WebPage","@id":"https:\/\/www.c2dprevention.com\/en\/workshops\/safety-escape-game-workshop\/","url":"https:\/\/www.c2dprevention.com\/en\/workshops\/safety-escape-game-workshop\/","name":"Posture and Movement Workshop \u2013 C2D Pr\u00e9vention","isPartOf":{"@id":"https:\/\/www.c2dprevention.com\/en\/#website"},"primaryImageOfPage":{"@id":"https:\/\/www.c2dprevention.com\/en\/workshops\/safety-escape-game-workshop\/#primaryimage"},"image":{"@id":"https:\/\/www.c2dprevention.com\/en\/workshops\/safety-escape-game-workshop\/#primaryimage"},"thumbnailUrl":"https:\/\/www.c2dprevention.com\/wp-content\/uploads\/2026\/02\/designer.jpg","datePublished":"2026-02-23T15:59:18+00:00","dateModified":"2026-02-28T01:42:21+00:00","description":"Workshop by C2D Pr\u00e9vention focused on appropriate movements and posture for workplace demands.","breadcrumb":{"@id":"https:\/\/www.c2dprevention.com\/en\/workshops\/safety-escape-game-workshop\/#breadcrumb"},"inLanguage":"en-US","potentialAction":[{"@type":"ReadAction","target":["https:\/\/www.c2dprevention.com\/en\/workshops\/safety-escape-game-workshop\/"]}]},{"@type":"ImageObject","inLanguage":"en-US","@id":"https:\/\/www.c2dprevention.com\/en\/workshops\/safety-escape-game-workshop\/#primaryimage","url":"https:\/\/www.c2dprevention.com\/wp-content\/uploads\/2026\/02\/designer.jpg","contentUrl":"https:\/\/www.c2dprevention.com\/wp-content\/uploads\/2026\/02\/designer.jpg","width":1024,"height":1024,"caption":"Une \u00e9quipe de salari\u00e9s participent \u00e0 un atelier Escape Game S\u00e9curit\u00e9"},{"@type":"BreadcrumbList","@id":"https:\/\/www.c2dprevention.com\/en\/workshops\/safety-escape-game-workshop\/#breadcrumb","itemListElement":[{"@type":"ListItem","position":1,"name":"Home","item":"https:\/\/www.c2dprevention.com\/en\/accueil-v3-2\/"},{"@type":"ListItem","position":2,"name":"Workshops","item":"https:\/\/www.c2dprevention.com\/en\/workshops\/"},{"@type":"ListItem","position":3,"name":"Safety Escape Game Workshop"}]},{"@type":"WebSite","@id":"https:\/\/www.c2dprevention.com\/en\/#website","url":"https:\/\/www.c2dprevention.com\/en\/","name":"C2D Prevention","description":"","publisher":{"@id":"https:\/\/www.c2dprevention.com\/en\/#organization"},"potentialAction":[{"@type":"SearchAction","target":{"@type":"EntryPoint","urlTemplate":"https:\/\/www.c2dprevention.com\/en\/?s={search_term_string}"},"query-input":{"@type":"PropertyValueSpecification","valueRequired":true,"valueName":"search_term_string"}}],"inLanguage":"en-US"},{"@type":"Organization","@id":"https:\/\/www.c2dprevention.com\/en\/#organization","name":"C2D Prevention","url":"https:\/\/www.c2dprevention.com\/en\/","logo":{"@type":"ImageObject","inLanguage":"en-US","@id":"https:\/\/www.c2dprevention.com\/en\/#\/schema\/logo\/image\/","url":"https:\/\/www.c2dprevention.com\/wp-content\/uploads\/2025\/05\/logoc2d.svg","contentUrl":"https:\/\/www.c2dprevention.com\/wp-content\/uploads\/2025\/05\/logoc2d.svg","width":100,"height":58,"caption":"C2D Prevention"},"image":{"@id":"https:\/\/www.c2dprevention.com\/en\/#\/schema\/logo\/image\/"}}]}},"_links":{"self":[{"href":"https:\/\/www.c2dprevention.com\/en\/wp-json\/wp\/v2\/pages\/8867","targetHints":{"allow":["GET"]}}],"collection":[{"href":"https:\/\/www.c2dprevention.com\/en\/wp-json\/wp\/v2\/pages"}],"about":[{"href":"https:\/\/www.c2dprevention.com\/en\/wp-json\/wp\/v2\/types\/page"}],"author":[{"embeddable":true,"href":"https:\/\/www.c2dprevention.com\/en\/wp-json\/wp\/v2\/users\/6"}],"replies":[{"embeddable":true,"href":"https:\/\/www.c2dprevention.com\/en\/wp-json\/wp\/v2\/comments?post=8867"}],"version-history":[{"count":5,"href":"https:\/\/www.c2dprevention.com\/en\/wp-json\/wp\/v2\/pages\/8867\/revisions"}],"predecessor-version":[{"id":9298,"href":"https:\/\/www.c2dprevention.com\/en\/wp-json\/wp\/v2\/pages\/8867\/revisions\/9298"}],"up":[{"embeddable":true,"href":"https:\/\/www.c2dprevention.com\/en\/wp-json\/wp\/v2\/pages\/3800"}],"wp:featuredmedia":[{"embeddable":true,"href":"https:\/\/www.c2dprevention.com\/en\/wp-json\/wp\/v2\/media\/8884"}],"wp:attachment":[{"href":"https:\/\/www.c2dprevention.com\/en\/wp-json\/wp\/v2\/media?parent=8867"}],"wp:term":[{"taxonomy":"category","embeddable":true,"href":"https:\/\/www.c2dprevention.com\/en\/wp-json\/wp\/v2\/categories?post=8867"},{"taxonomy":"post_tag","embeddable":true,"href":"https:\/\/www.c2dprevention.com\/en\/wp-json\/wp\/v2\/tags?post=8867"}],"curies":[{"name":"wp","href":"https:\/\/api.w.org\/{rel}","templated":true}]}}