{"id":3879,"date":"2025-05-07T17:16:59","date_gmt":"2025-05-07T15:16:59","guid":{"rendered":"https:\/\/www.c2dprevention.com\/conference-neurosciences\/"},"modified":"2025-05-07T17:16:59","modified_gmt":"2025-05-07T15:16:59","slug":"conference-neurosciences","status":"publish","type":"page","link":"https:\/\/www.c2dprevention.com\/es\/conference-neurosciences\/","title":{"rendered":"Conf\u00e9rence Neurosciences"},"content":{"rendered":"\n<div data-elementor-type=\"wp-page\" data-elementor-id=\"2022\" class=\"elementor elementor-2022\" data-elementor-post-type=\"page\">\n<div class=\"elementor-element elementor-element-60927b7a e-flex e-con-boxed e-con e-parent\" data-id=\"60927b7a\" data-element_type=\"container\">\n<div class=\"e-con-inner\">\n<div class=\"elementor-element elementor-element-6fbe78fb elementor-widget elementor-widget-text-editor\" data-id=\"6fbe78fb\" data-element_type=\"widget\" data-widget_type=\"text-editor.default\">\n<div class=\"elementor-widget-container\">\n<p>Comprendre le Cerveau pour Optimiser la S\u00e9curit\u00e9 et la Performance<\/p>\n<h2 class=\"wp-block-heading\"><strong>Introduction<\/strong> : Les Neurosciences au Service de l\u2019Entreprise<\/h2>\n<p>Le cerveau humain est un outil puissant, mais aussi une source d\u2019erreurs lorsque les automatismes prennent le dessus. Dans un environnement professionnel o\u00f9 la vigilance et la prise de d\u00e9cision appropri\u00e9e sont cruciales, comprendre son fonctionnement permet d\u2019<strong>optimiser la s\u00e9curit\u00e9 et l\u2019efficacit\u00e9<\/strong>.<\/p>\n<p>Cette conf\u00e9rence explore comment nos m\u00e9canismes cognitifs influencent nos comportements, notre concentration et notre capacit\u00e9 \u00e0 \u00e9viter les erreurs. Gr\u00e2ce aux sciences cognitives et comportementales, vos collaborateurs d\u00e9couvriront des leviers concrets pour <strong>am\u00e9liorer leur vigilance et r\u00e9duire les risques<\/strong> li\u00e9s aux automatismes.<\/p>\n<h2 class=\"wp-block-heading\"><strong>D\u00e9roul\u00e9 de la Conf\u00e9rence<\/strong> : Un Voyage au C\u0153ur du Cerveau<\/h2>\n<\/p><\/div>\n<\/p><\/div>\n<\/p><\/div>\n<\/p><\/div>\n<div class=\"elementor-element elementor-element-d93f872 e-flex e-con-boxed e-con e-parent\" data-id=\"d93f872\" data-element_type=\"container\">\n<div class=\"e-con-inner\">\n<div class=\"elementor-element elementor-element-3671a28 elementor-widget elementor-widget-n-accordion\" data-id=\"3671a28\" data-element_type=\"widget\" data-settings=\"{&quot;default_state&quot;:&quot;expanded&quot;,&quot;max_items_expended&quot;:&quot;one&quot;,&quot;n_accordion_animation_duration&quot;:{&quot;unit&quot;:&quot;ms&quot;,&quot;size&quot;:400,&quot;sizes&quot;:[]}}\" data-widget_type=\"nested-accordion.default\">\n<div class=\"elementor-widget-container\">\n<div class=\"e-n-accordion\" aria-label=\"Accordion. Open links with Enter or Space, close with Escape, and navigate with Arrow Keys\">\n<details id=\"e-n-accordion-item-5700\" class=\"e-n-accordion-item\" open>\n<summary class=\"e-n-accordion-item-title\" data-accordion-index=\"1\" tabindex=\"0\" aria-expanded=\"true\" aria-controls=\"e-n-accordion-item-5700\" >\n\t\t\t\t\t<span class='e-n-accordion-item-title-header'><\/p>\n<h3 class=\"e-n-accordion-item-title-text\"> 1. Comprendre le Cerveau au Travail <\/h3>\n<p><\/span><br \/>\n\t\t\t\t\t\t\t<span class='e-n-accordion-item-title-icon'><br \/>\n\t\t\t<span class='e-opened' ><i aria-hidden=\"true\" class=\"fas fa-minus\"><\/i><\/span><br \/>\n\t\t\t<span class='e-closed'><i aria-hidden=\"true\" class=\"fas fa-plus\"><\/i><\/span><br \/>\n\t\t<\/span><\/p>\n<\/summary>\n<div role=\"region\" aria-labelledby=\"e-n-accordion-item-5700\" class=\"elementor-element elementor-element-c0734c5 e-con-full e-flex e-con e-child\" data-id=\"c0734c5\" data-element_type=\"container\">\n<div role=\"region\" aria-labelledby=\"e-n-accordion-item-5700\" class=\"elementor-element elementor-element-9b05372 e-flex e-con-boxed e-con e-child\" data-id=\"9b05372\" data-element_type=\"container\">\n<div class=\"e-con-inner\">\n<div class=\"elementor-element elementor-element-346cc1d elementor-widget elementor-widget-text-editor\" data-id=\"346cc1d\" data-element_type=\"widget\" data-widget_type=\"text-editor.default\">\n<div class=\"elementor-widget-container\">\n<p>Cette premi\u00e8re partie met en lumi\u00e8re les bases des neurosciences appliqu\u00e9es \u00e0 l\u2019entreprise :<\/p>\n<ul class=\"wp-block-list\">\n<li>Les deux modes de fonctionnement du cerveau : automatique et adaptatif.<\/li>\n<li>Les biais cognitifs et leur impact sur la prise de d\u00e9cision.<\/li>\n<li>L\u2019influence des \u00e9motions, du stress et de la fatigue sur la vigilance et la concentration.<\/li>\n<\/ul>\n<p>Cas d\u2019\u00e9tude\u00a0: En milieu hospitalier, des \u00e9tudes montrent que la fatigue cognitive chez les chirurgiens peut entra\u00eener des erreurs m\u00e9dicales. Des pauses de micro-r\u00e9cup\u00e9ration ont permis d\u2019am\u00e9liorer leur concentration et de\u00a0<strong>r\u00e9duire ces erreurs de 18 %<\/strong>.<\/p>\n<\/p><\/div>\n<\/p><\/div>\n<\/p><\/div>\n<\/p><\/div>\n<\/p><\/div>\n<\/details>\n<details id=\"e-n-accordion-item-5701\" class=\"e-n-accordion-item\" >\n<summary class=\"e-n-accordion-item-title\" data-accordion-index=\"2\" tabindex=\"-1\" aria-expanded=\"false\" aria-controls=\"e-n-accordion-item-5701\" >\n\t\t\t\t\t<span class='e-n-accordion-item-title-header'><\/p>\n<h3 class=\"e-n-accordion-item-title-text\"> 2. Automatisme et Erreurs : Identifier et Pr\u00e9venir les Risques <\/h3>\n<p><\/span><br \/>\n\t\t\t\t\t\t\t<span class='e-n-accordion-item-title-icon'><br \/>\n\t\t\t<span class='e-opened' ><i aria-hidden=\"true\" class=\"fas fa-minus\"><\/i><\/span><br \/>\n\t\t\t<span class='e-closed'><i aria-hidden=\"true\" class=\"fas fa-plus\"><\/i><\/span><br \/>\n\t\t<\/span><\/p>\n<\/summary>\n<div role=\"region\" aria-labelledby=\"e-n-accordion-item-5701\" class=\"elementor-element elementor-element-d612304 e-con-full e-flex e-con e-child\" data-id=\"d612304\" data-element_type=\"container\">\n<div role=\"region\" aria-labelledby=\"e-n-accordion-item-5701\" class=\"elementor-element elementor-element-58d24de e-flex e-con-boxed e-con e-child\" data-id=\"58d24de\" data-element_type=\"container\">\n<div class=\"e-con-inner\">\n<div class=\"elementor-element elementor-element-4d69664 elementor-widget elementor-widget-text-editor\" data-id=\"4d69664\" data-element_type=\"widget\" data-widget_type=\"text-editor.default\">\n<div class=\"elementor-widget-container\">\n<p>Nos actions sont souvent automatis\u00e9es, ce qui peut g\u00e9n\u00e9rer des erreurs aux cons\u00e9quences importantes. Cette section explore :<\/p>\n<ul class=\"wp-block-list\">\n<li>Les erreurs courantes en entreprise et leurs causes neurologiques.<\/li>\n<li>Des \u00e9tudes de cas d\u2019accidents li\u00e9s aux automatismes.<\/li>\n<li>Des strat\u00e9gies pour limiter l\u2019impact des biais cognitifs et renforcer la vigilance.<\/li>\n<\/ul>\n<p>Les participants seront confront\u00e9s \u00e0 des situations o\u00f9 leur cerveau \u00ab\u00a0remplit les blancs\u00a0\u00bb en raison de biais cognitifs et apprendront \u00e0 rep\u00e9rer ces automatismes.<\/p>\n<\/p><\/div>\n<\/p><\/div>\n<\/p><\/div>\n<\/p><\/div>\n<\/p><\/div>\n<\/details>\n<details id=\"e-n-accordion-item-5702\" class=\"e-n-accordion-item\" >\n<summary class=\"e-n-accordion-item-title\" data-accordion-index=\"3\" tabindex=\"-1\" aria-expanded=\"false\" aria-controls=\"e-n-accordion-item-5702\" >\n\t\t\t\t\t<span class='e-n-accordion-item-title-header'><\/p>\n<h3 class=\"e-n-accordion-item-title-text\"> 3. G\u00e9rer le Stress et Am\u00e9liorer la Concentration <\/h3>\n<p><\/span><br \/>\n\t\t\t\t\t\t\t<span class='e-n-accordion-item-title-icon'><br \/>\n\t\t\t<span class='e-opened' ><i aria-hidden=\"true\" class=\"fas fa-minus\"><\/i><\/span><br \/>\n\t\t\t<span class='e-closed'><i aria-hidden=\"true\" class=\"fas fa-plus\"><\/i><\/span><br \/>\n\t\t<\/span><\/p>\n<\/summary>\n<div role=\"region\" aria-labelledby=\"e-n-accordion-item-5702\" class=\"elementor-element elementor-element-0b894c3 e-con-full e-flex e-con e-child\" data-id=\"0b894c3\" data-element_type=\"container\">\n<div role=\"region\" aria-labelledby=\"e-n-accordion-item-5702\" class=\"elementor-element elementor-element-cbf1e5b e-flex e-con-boxed e-con e-child\" data-id=\"cbf1e5b\" data-element_type=\"container\">\n<div class=\"e-con-inner\">\n<div class=\"elementor-element elementor-element-d9eb04b elementor-widget elementor-widget-text-editor\" data-id=\"d9eb04b\" data-element_type=\"widget\" data-widget_type=\"text-editor.default\">\n<div class=\"elementor-widget-container\">\n<p>Le stress et les distractions nuisent \u00e0 la prise de d\u00e9cision et \u00e0 l\u2019attention. Nous aborderons :<\/p>\n<ul class=\"wp-block-list\">\n<li>Les effets du stress sur le cerveau et les performances cognitives.<\/li>\n<li>Des techniques de r\u00e9gulation \u00e9motionnelle pour favoriser la concentration.<\/li>\n<li>Des exercices pratiques de respiration et de pleine conscience pour am\u00e9liorer la vigilance.<\/li>\n<\/ul>\n<p><strong>Zoom sur la neuroplasticit\u00e9<\/strong>\u00a0: Comment notre cerveau s\u2019adapte et comment nous pouvons entra\u00eener notre attention comme un muscle.<\/p>\n<p>Exp\u00e9rience participative\u00a0: Test de coh\u00e9rence cardiaque et d\u00e9monstration de techniques de respiration anti-stress.<\/p>\n<\/p><\/div>\n<\/p><\/div>\n<\/p><\/div>\n<\/p><\/div>\n<\/p><\/div>\n<\/details>\n<details id=\"e-n-accordion-item-5703\" class=\"e-n-accordion-item\" >\n<summary class=\"e-n-accordion-item-title\" data-accordion-index=\"4\" tabindex=\"-1\" aria-expanded=\"false\" aria-controls=\"e-n-accordion-item-5703\" >\n\t\t\t\t\t<span class='e-n-accordion-item-title-header'><\/p>\n<h3 class=\"e-n-accordion-item-title-text\"> 4. Strat\u00e9gies et Outils Concrets pour une Meilleure Vigilance <\/h3>\n<p><\/span><br \/>\n\t\t\t\t\t\t\t<span class='e-n-accordion-item-title-icon'><br \/>\n\t\t\t<span class='e-opened' ><i aria-hidden=\"true\" class=\"fas fa-minus\"><\/i><\/span><br \/>\n\t\t\t<span class='e-closed'><i aria-hidden=\"true\" class=\"fas fa-plus\"><\/i><\/span><br \/>\n\t\t<\/span><\/p>\n<\/summary>\n<div role=\"region\" aria-labelledby=\"e-n-accordion-item-5703\" class=\"elementor-element elementor-element-9ac158b e-flex e-con-boxed e-con e-child\" data-id=\"9ac158b\" data-element_type=\"container\">\n<div class=\"e-con-inner\">\n<div role=\"region\" aria-labelledby=\"e-n-accordion-item-5703\" class=\"elementor-element elementor-element-3cabaaa e-con-full e-flex e-con e-child\" data-id=\"3cabaaa\" data-element_type=\"container\">\n<div class=\"elementor-element elementor-element-47085f9 elementor-widget elementor-widget-text-editor\" data-id=\"47085f9\" data-element_type=\"widget\" data-widget_type=\"text-editor.default\">\n<div class=\"elementor-widget-container\">\n<p>Cette section propose des solutions applicables imm\u00e9diatement pour\u00a0<strong>am\u00e9liorer la concentration<\/strong>\u00a0et\u00a0<strong>\u00e9viter les erreurs<\/strong>\u00a0:<\/p>\n<ul class=\"wp-block-list\">\n<li>L\u2019importance des pauses et des micro-moments de r\u00e9cup\u00e9ration.<\/li>\n<li>Techniques de recentrage pour une meilleure gestion de l\u2019attention.<\/li>\n<li>Optimisation des processus internes pour r\u00e9duire les erreurs humaines.<\/li>\n<\/ul>\n<p>Focus sur le sommeil et la r\u00e9cup\u00e9ration\u00a0: Pourquoi un mauvais sommeil peut affecter notre capacit\u00e9 \u00e0 rester vigilant et \u00e0 prendre de bonnes d\u00e9cisions.<\/p>\n<\/p><\/div>\n<\/p><\/div>\n<\/p><\/div>\n<\/p><\/div>\n<\/p><\/div>\n<\/details>\n<details id=\"e-n-accordion-item-5704\" class=\"e-n-accordion-item\" >\n<summary class=\"e-n-accordion-item-title\" data-accordion-index=\"5\" tabindex=\"-1\" aria-expanded=\"false\" aria-controls=\"e-n-accordion-item-5704\" >\n\t\t\t\t\t<span class='e-n-accordion-item-title-header'><\/p>\n<h3 class=\"e-n-accordion-item-title-text\"> 5. Applications Pratiques aux Mesures de S\u00e9curit\u00e9 en Entreprise <\/h3>\n<p><\/span><br \/>\n\t\t\t\t\t\t\t<span class='e-n-accordion-item-title-icon'><br \/>\n\t\t\t<span class='e-opened' ><i aria-hidden=\"true\" class=\"fas fa-minus\"><\/i><\/span><br \/>\n\t\t\t<span class='e-closed'><i aria-hidden=\"true\" class=\"fas fa-plus\"><\/i><\/span><br \/>\n\t\t<\/span><\/p>\n<\/summary>\n<div role=\"region\" aria-labelledby=\"e-n-accordion-item-5704\" class=\"elementor-element elementor-element-97dba87 e-flex e-con-boxed e-con e-child\" data-id=\"97dba87\" data-element_type=\"container\">\n<div class=\"e-con-inner\">\n<div role=\"region\" aria-labelledby=\"e-n-accordion-item-5704\" class=\"elementor-element elementor-element-b7da639 e-con-full e-flex e-con e-child\" data-id=\"b7da639\" data-element_type=\"container\">\n<div class=\"elementor-element elementor-element-79ac031 elementor-widget elementor-widget-text-editor\" data-id=\"79ac031\" data-element_type=\"widget\" data-widget_type=\"text-editor.default\">\n<div class=\"elementor-widget-container\">\n<p>Les neurosciences permettent d\u2019adapter des outils existants pour\u00a0<strong>renforcer la pr\u00e9vention<\/strong>\u00a0:<\/p>\n<ul class=\"wp-block-list\">\n<li>L\u2019usage des briefings et des retours d\u2019exp\u00e9rience pour ancrer les bonnes pratiques.<\/li>\n<li>La mise en place de rappels et de dispositifs d\u2019alerte bas\u00e9s sur les sciences cognitives.<\/li>\n<li>L\u2019int\u00e9gration de strat\u00e9gies favorisant une culture de la s\u00e9curit\u00e9.<\/li>\n<\/ul>\n<p>Simulation d\u2019un briefing efficace avec des techniques issues des neurosciences pour\u00a0<strong>optimiser la transmission d\u2019informations critiques<\/strong>.<\/p>\n<\/p><\/div>\n<\/p><\/div>\n<\/p><\/div>\n<\/p><\/div>\n<\/p><\/div>\n<\/details><\/div>\n<\/p><\/div>\n<\/p><\/div>\n<\/p><\/div>\n<\/p><\/div>\n<div class=\"elementor-element elementor-element-de87c02 e-flex e-con-boxed e-con e-parent\" data-id=\"de87c02\" data-element_type=\"container\">\n<div class=\"e-con-inner\">\n<div class=\"elementor-element elementor-element-aa7acc1 elementor-widget elementor-widget-text-editor\" data-id=\"aa7acc1\" data-element_type=\"widget\" data-widget_type=\"text-editor.default\">\n<div class=\"elementor-widget-container\">\n<p>Pour approfondir votre compr\u00e9hension des obligations l\u00e9gales en mati\u00e8re de sant\u00e9 et de s\u00e9curit\u00e9 au travail, d\u00e9couvrez notre\u00a0<a href=\"https:\/\/www.c2dprevention.fr\/accompagnement\/conference-roles-responsabilites-legales\/\"><strong>Conf\u00e9rence R\u00f4les et responsabilit\u00e9s l\u00e9gales<\/strong><\/a>.<\/p>\n<h2 class=\"wp-block-heading\"><strong>Pourquoi Assister \u00e0 Cette Conf\u00e9rence ?<\/strong><\/h2>\n<p><strong>1. R\u00e9duction des Erreurs et des Accidents<br \/><\/strong>Comprendre les m\u00e9canismes c\u00e9r\u00e9braux permet d\u2019adopter des strat\u00e9gies efficaces pour limiter les erreurs li\u00e9es aux automatismes et aux distractions.<\/p>\n<p><strong>2. Am\u00e9lioration de la Concentration et de la Prise de D\u00e9cision<br \/><\/strong>Les participants apprendront \u00e0 optimiser leurs performances cognitives et \u00e0 renforcer leur vigilance pour des d\u00e9cisions plus pertinentes.<\/p>\n<p><strong>3. Renforcement de la S\u00e9curit\u00e9 et du Bien-\u00catre<br \/><\/strong>En appliquant les principes des neurosciences, l\u2019entreprise am\u00e9liore la vigilance individuelle et collective, tout en contribuant \u00e0 un environnement de travail plus serein.<\/p>\n<p><strong>4. Engagement et Motivation des Collaborateurs<br \/><\/strong>Former vos \u00e9quipes aux neurosciences leur offre des outils pr\u00e9cieux pour mieux comprendre leur propre fonctionnement et am\u00e9liorer leur efficacit\u00e9 au quotidien.<\/p>\n<h2 class=\"wp-block-heading\"><strong>Conclusion<\/strong>\u00a0: Une Approche Innovante pour une Meilleure Gestion de la Vigilance<\/h2>\n<p>Cette conf\u00e9rence propose une immersion captivante dans le fonctionnement du cerveau humain, appliqu\u00e9e aux d\u00e9fis du monde du travail. Vos collaborateurs repartiront avec des\u00a0<strong>outils pratiques pour am\u00e9liorer leur concentration, r\u00e9duire les erreurs et renforcer leur bien-\u00eatre professionnel<\/strong>.<\/p>\n<p>Offrez \u00e0 votre entreprise une approche scientifique et innovante pour optimiser la s\u00e9curit\u00e9 et la performance !<\/p>\n<\/p><\/div>\n<\/p><\/div>\n<\/p><\/div>\n<\/p><\/div>\n<\/p><\/div>\n","protected":false},"excerpt":{"rendered":"<p>Comprendre le Cerveau pour Optimiser la S\u00e9curit\u00e9 et la Performance Introduction : Les Neurosciences au Service de l\u2019Entreprise Le cerveau humain est un outil puissant, mais aussi une source d\u2019erreurs lorsque les automatismes prennent le dessus. Dans un environnement professionnel o\u00f9 la vigilance et la prise de d\u00e9cision appropri\u00e9e sont cruciales, comprendre son fonctionnement permet [&hellip;]<\/p>\n","protected":false},"author":4,"featured_media":0,"parent":0,"menu_order":0,"comment_status":"closed","ping_status":"closed","template":"","meta":{"_acf_changed":false,"_yoast_wpseo_focuskw":"","_yoast_wpseo_title":"Conf\u00e9rence Neurosciences - C2D Pr\u00e9vention","_yoast_wpseo_metadesc":"D\u00e9couvrez comment les neurosciences optimisent la pr\u00e9vention des risques et la s\u00e9curit\u00e9 au travail lors de nos conf\u00e9rences sp\u00e9cialis\u00e9es.","_yoast_wpseo_meta-robots-noindex":"","_yoast_wpseo_meta-robots-nofollow":"","_yoast_wpseo_opengraph-title":"","_yoast_wpseo_opengraph-description":"","_yoast_wpseo_twitter-title":"","_yoast_wpseo_twitter-description":"","inline_featured_image":false,"_yoast_wpseo_focuskw_text_input":"","footnotes":""},"categories":[],"tags":[],"class_list":["post-3879","page","type-page","status-publish","hentry"],"acf":[],"yoast_head":"<!-- This site is optimized with the Yoast SEO plugin v26.6 - https:\/\/yoast.com\/wordpress\/plugins\/seo\/ -->\n<title>Conf\u00e9rence Neurosciences - C2D Prevention<\/title>\n<meta name=\"robots\" content=\"index, follow, max-snippet:-1, max-image-preview:large, max-video-preview:-1\" \/>\n<link rel=\"canonical\" href=\"https:\/\/www.c2dprevention.com\/es\/conference-neurosciences\/\" \/>\n<meta property=\"og:locale\" content=\"es_ES\" \/>\n<meta property=\"og:type\" content=\"article\" \/>\n<meta property=\"og:title\" content=\"Conf\u00e9rence Neurosciences - C2D Prevention\" \/>\n<meta property=\"og:description\" content=\"Comprendre le Cerveau pour Optimiser la S\u00e9curit\u00e9 et la Performance Introduction : Les Neurosciences au Service de l\u2019Entreprise Le cerveau humain est un outil puissant, mais aussi une source d\u2019erreurs lorsque les automatismes prennent le dessus. Dans un environnement professionnel o\u00f9 la vigilance et la prise de d\u00e9cision appropri\u00e9e sont cruciales, comprendre son fonctionnement permet [&hellip;]\" \/>\n<meta property=\"og:url\" content=\"https:\/\/www.c2dprevention.com\/es\/conference-neurosciences\/\" \/>\n<meta property=\"og:site_name\" content=\"C2D Prevention\" \/>\n<meta name=\"twitter:card\" content=\"summary_large_image\" \/>\n<meta name=\"twitter:label1\" content=\"Tiempo de lectura\" \/>\n\t<meta name=\"twitter:data1\" content=\"4 minutos\" \/>\n<script type=\"application\/ld+json\" class=\"yoast-schema-graph\">{\"@context\":\"https:\/\/schema.org\",\"@graph\":[{\"@type\":\"WebPage\",\"@id\":\"https:\/\/www.c2dprevention.com\/es\/conference-neurosciences\/\",\"url\":\"https:\/\/www.c2dprevention.com\/es\/conference-neurosciences\/\",\"name\":\"Conf\u00e9rence Neurosciences - C2D Prevention\",\"isPartOf\":{\"@id\":\"https:\/\/www.c2dprevention.com\/es\/#website\"},\"datePublished\":\"2025-05-07T15:16:59+00:00\",\"breadcrumb\":{\"@id\":\"https:\/\/www.c2dprevention.com\/es\/conference-neurosciences\/#breadcrumb\"},\"inLanguage\":\"es\",\"potentialAction\":[{\"@type\":\"ReadAction\",\"target\":[\"https:\/\/www.c2dprevention.com\/es\/conference-neurosciences\/\"]}]},{\"@type\":\"BreadcrumbList\",\"@id\":\"https:\/\/www.c2dprevention.com\/es\/conference-neurosciences\/#breadcrumb\",\"itemListElement\":[{\"@type\":\"ListItem\",\"position\":1,\"name\":\"Inicio\",\"item\":\"https:\/\/www.c2dprevention.com\/es\/accueil-v3-2\/\"},{\"@type\":\"ListItem\",\"position\":2,\"name\":\"Conf\u00e9rence Neurosciences\"}]},{\"@type\":\"WebSite\",\"@id\":\"https:\/\/www.c2dprevention.com\/es\/#website\",\"url\":\"https:\/\/www.c2dprevention.com\/es\/\",\"name\":\"C2D Prevention\",\"description\":\"\",\"publisher\":{\"@id\":\"https:\/\/www.c2dprevention.com\/es\/#organization\"},\"potentialAction\":[{\"@type\":\"SearchAction\",\"target\":{\"@type\":\"EntryPoint\",\"urlTemplate\":\"https:\/\/www.c2dprevention.com\/es\/?s={search_term_string}\"},\"query-input\":{\"@type\":\"PropertyValueSpecification\",\"valueRequired\":true,\"valueName\":\"search_term_string\"}}],\"inLanguage\":\"es\"},{\"@type\":\"Organization\",\"@id\":\"https:\/\/www.c2dprevention.com\/es\/#organization\",\"name\":\"C2D Prevention\",\"url\":\"https:\/\/www.c2dprevention.com\/es\/\",\"logo\":{\"@type\":\"ImageObject\",\"inLanguage\":\"es\",\"@id\":\"https:\/\/www.c2dprevention.com\/es\/#\/schema\/logo\/image\/\",\"url\":\"https:\/\/www.c2dprevention.com\/wp-content\/uploads\/2025\/05\/logoc2d.svg\",\"contentUrl\":\"https:\/\/www.c2dprevention.com\/wp-content\/uploads\/2025\/05\/logoc2d.svg\",\"width\":100,\"height\":58,\"caption\":\"C2D Prevention\"},\"image\":{\"@id\":\"https:\/\/www.c2dprevention.com\/es\/#\/schema\/logo\/image\/\"}}]}<\/script>\n<!-- \/ Yoast SEO plugin. -->","yoast_head_json":{"title":"Conf\u00e9rence Neurosciences - C2D Prevention","robots":{"index":"index","follow":"follow","max-snippet":"max-snippet:-1","max-image-preview":"max-image-preview:large","max-video-preview":"max-video-preview:-1"},"canonical":"https:\/\/www.c2dprevention.com\/es\/conference-neurosciences\/","og_locale":"es_ES","og_type":"article","og_title":"Conf\u00e9rence Neurosciences - C2D Prevention","og_description":"Comprendre le Cerveau pour Optimiser la S\u00e9curit\u00e9 et la Performance Introduction : Les Neurosciences au Service de l\u2019Entreprise Le cerveau humain est un outil puissant, mais aussi une source d\u2019erreurs lorsque les automatismes prennent le dessus. Dans un environnement professionnel o\u00f9 la vigilance et la prise de d\u00e9cision appropri\u00e9e sont cruciales, comprendre son fonctionnement permet [&hellip;]","og_url":"https:\/\/www.c2dprevention.com\/es\/conference-neurosciences\/","og_site_name":"C2D Prevention","twitter_card":"summary_large_image","twitter_misc":{"Tiempo de lectura":"4 minutos"},"schema":{"@context":"https:\/\/schema.org","@graph":[{"@type":"WebPage","@id":"https:\/\/www.c2dprevention.com\/es\/conference-neurosciences\/","url":"https:\/\/www.c2dprevention.com\/es\/conference-neurosciences\/","name":"Conf\u00e9rence Neurosciences - C2D Prevention","isPartOf":{"@id":"https:\/\/www.c2dprevention.com\/es\/#website"},"datePublished":"2025-05-07T15:16:59+00:00","breadcrumb":{"@id":"https:\/\/www.c2dprevention.com\/es\/conference-neurosciences\/#breadcrumb"},"inLanguage":"es","potentialAction":[{"@type":"ReadAction","target":["https:\/\/www.c2dprevention.com\/es\/conference-neurosciences\/"]}]},{"@type":"BreadcrumbList","@id":"https:\/\/www.c2dprevention.com\/es\/conference-neurosciences\/#breadcrumb","itemListElement":[{"@type":"ListItem","position":1,"name":"Inicio","item":"https:\/\/www.c2dprevention.com\/es\/accueil-v3-2\/"},{"@type":"ListItem","position":2,"name":"Conf\u00e9rence Neurosciences"}]},{"@type":"WebSite","@id":"https:\/\/www.c2dprevention.com\/es\/#website","url":"https:\/\/www.c2dprevention.com\/es\/","name":"C2D Prevention","description":"","publisher":{"@id":"https:\/\/www.c2dprevention.com\/es\/#organization"},"potentialAction":[{"@type":"SearchAction","target":{"@type":"EntryPoint","urlTemplate":"https:\/\/www.c2dprevention.com\/es\/?s={search_term_string}"},"query-input":{"@type":"PropertyValueSpecification","valueRequired":true,"valueName":"search_term_string"}}],"inLanguage":"es"},{"@type":"Organization","@id":"https:\/\/www.c2dprevention.com\/es\/#organization","name":"C2D Prevention","url":"https:\/\/www.c2dprevention.com\/es\/","logo":{"@type":"ImageObject","inLanguage":"es","@id":"https:\/\/www.c2dprevention.com\/es\/#\/schema\/logo\/image\/","url":"https:\/\/www.c2dprevention.com\/wp-content\/uploads\/2025\/05\/logoc2d.svg","contentUrl":"https:\/\/www.c2dprevention.com\/wp-content\/uploads\/2025\/05\/logoc2d.svg","width":100,"height":58,"caption":"C2D Prevention"},"image":{"@id":"https:\/\/www.c2dprevention.com\/es\/#\/schema\/logo\/image\/"}}]}},"_links":{"self":[{"href":"https:\/\/www.c2dprevention.com\/es\/wp-json\/wp\/v2\/pages\/3879","targetHints":{"allow":["GET"]}}],"collection":[{"href":"https:\/\/www.c2dprevention.com\/es\/wp-json\/wp\/v2\/pages"}],"about":[{"href":"https:\/\/www.c2dprevention.com\/es\/wp-json\/wp\/v2\/types\/page"}],"author":[{"embeddable":true,"href":"https:\/\/www.c2dprevention.com\/es\/wp-json\/wp\/v2\/users\/4"}],"replies":[{"embeddable":true,"href":"https:\/\/www.c2dprevention.com\/es\/wp-json\/wp\/v2\/comments?post=3879"}],"version-history":[{"count":0,"href":"https:\/\/www.c2dprevention.com\/es\/wp-json\/wp\/v2\/pages\/3879\/revisions"}],"wp:attachment":[{"href":"https:\/\/www.c2dprevention.com\/es\/wp-json\/wp\/v2\/media?parent=3879"}],"wp:term":[{"taxonomy":"category","embeddable":true,"href":"https:\/\/www.c2dprevention.com\/es\/wp-json\/wp\/v2\/categories?post=3879"},{"taxonomy":"post_tag","embeddable":true,"href":"https:\/\/www.c2dprevention.com\/es\/wp-json\/wp\/v2\/tags?post=3879"}],"curies":[{"name":"wp","href":"https:\/\/api.w.org\/{rel}","templated":true}]}}