{"id":3952,"date":"2025-05-07T16:54:21","date_gmt":"2025-05-07T14:54:21","guid":{"rendered":"https:\/\/www.c2dprevention.com\/contact\/"},"modified":"2025-07-17T16:33:34","modified_gmt":"2025-07-17T14:33:34","slug":"contacto","status":"publish","type":"page","link":"https:\/\/www.c2dprevention.com\/es\/contacto\/","title":{"rendered":"Contacto"},"content":{"rendered":"\t\t<div data-elementor-type=\"wp-page\" data-elementor-id=\"3952\" class=\"elementor elementor-3952 elementor-10\" data-elementor-post-type=\"page\">\n\t\t\t\t<div class=\"elementor-element elementor-element-891e9a5 e-flex e-con-boxed e-con e-parent\" data-id=\"891e9a5\" data-element_type=\"container\" data-settings=\"{&quot;background_background&quot;:&quot;classic&quot;}\">\n\t\t\t\t\t<div class=\"e-con-inner\">\n\t\t\t\t<div class=\"elementor-element elementor-element-329a32ba breadcrumbs elementor-widget elementor-widget-breadcrumbs\" data-id=\"329a32ba\" data-element_type=\"widget\" data-widget_type=\"breadcrumbs.default\">\n\t\t\t\t\t<p id=\"breadcrumbs\"><span><span><a href=\"https:\/\/www.c2dprevention.com\/es\/accueil-v3-2\/\">Inicio<\/a><\/span><\/span><\/p>\t\t\t\t<\/div>\n\t\t\t\t\t<\/div>\n\t\t\t\t<\/div>\n\t\t<div class=\"elementor-element elementor-element-c5070ec ban_inte e-con-full e-flex e-con e-parent\" data-id=\"c5070ec\" data-element_type=\"container\" data-settings=\"{&quot;background_background&quot;:&quot;classic&quot;}\">\n\t\t<div class=\"elementor-element elementor-element-4eb01945 ban_inte e-flex e-con-boxed e-con e-child\" data-id=\"4eb01945\" data-element_type=\"container\" data-settings=\"{&quot;background_background&quot;:&quot;classic&quot;}\">\n\t\t\t\t\t<div class=\"e-con-inner\">\n\t\t\t\t<div class=\"elementor-element elementor-element-479aabd5 ban_titre elementor-widget elementor-widget-heading\" data-id=\"479aabd5\" data-element_type=\"widget\" data-widget_type=\"heading.default\">\n\t\t\t\t\t<h1 class=\"elementor-heading-title elementor-size-default\">\u00a1P\u00f3ngase en contacto con nosotros!<\/h1>\t\t\t\t<\/div>\n\t\t\t\t\t<\/div>\n\t\t\t\t<\/div>\n\t\t\t\t<\/div>\n\t\t<div class=\"elementor-element elementor-element-ba0acff e-flex e-con-boxed e-con e-parent\" data-id=\"ba0acff\" data-element_type=\"container\">\n\t\t\t\t\t<div class=\"e-con-inner\">\n\t\t<div class=\"elementor-element elementor-element-ae1ea71 e-flex e-con-boxed e-con e-child\" data-id=\"ae1ea71\" data-element_type=\"container\">\n\t\t\t\t\t<div class=\"e-con-inner\">\n\t\t<div class=\"elementor-element elementor-element-acc5827 e-con-full e-flex e-con e-child\" data-id=\"acc5827\" data-element_type=\"container\">\n\t\t\t\t<div class=\"elementor-element elementor-element-ab09220 titre_3 elementor-widget elementor-widget-heading\" data-id=\"ab09220\" data-element_type=\"widget\" data-widget_type=\"heading.default\">\n\t\t\t\t\t<p class=\"elementor-heading-title elementor-size-default\"><b>\u00bfDesea mejorar significativamente la seguridad\nen su empresa?<br> \u00bfNecesita un asesoramiento jur\u00eddico s\u00f3lido?<br>\nC2D Pr\u00e9vention est\u00e1 a su servicio para responder a sus necesidades.\n<\/b><\/p>\t\t\t\t<\/div>\n\t\t\t\t<div class=\"elementor-element elementor-element-a67f35d elementor-button-align-center elementor-widget elementor-widget-form\" data-id=\"a67f35d\" data-element_type=\"widget\" data-settings=\"{&quot;step_next_label&quot;:&quot;Suivant&quot;,&quot;step_previous_label&quot;:&quot;Pr\\u00e9c\\u00e9dent&quot;,&quot;button_width&quot;:&quot;100&quot;,&quot;step_type&quot;:&quot;number_text&quot;,&quot;step_icon_shape&quot;:&quot;circle&quot;}\" data-widget_type=\"form.default\">\n\t\t\t\t\t\t\t<form class=\"elementor-form\" method=\"post\" name=\"Nouveau formulaire\" aria-label=\"Nouveau formulaire\" novalidate=\"\">\n\t\t\t<input type=\"hidden\" name=\"post_id\" value=\"3952\"\/>\n\t\t\t<input type=\"hidden\" name=\"form_id\" value=\"a67f35d\"\/>\n\t\t\t<input type=\"hidden\" name=\"referer_title\" value=\"Contacto \u2013 C2D Pr\u00e9vention\" \/>\n\n\t\t\t\t\t\t\t<input type=\"hidden\" name=\"queried_id\" value=\"3952\"\/>\n\t\t\t\n\t\t\t<div class=\"elementor-form-fields-wrapper elementor-labels-\">\n\t\t\t\t\t\t\t\t<div class=\"elementor-field-type-text elementor-field-group elementor-column elementor-field-group-nom elementor-col-50 elementor-field-required\">\n\t\t\t\t\t\t\t\t\t\t\t\t<label for=\"form-field-nom\" class=\"elementor-field-label elementor-screen-only\">\n\t\t\t\t\t\t\t\tSus apellidos * \t\t\t\t\t\t\t<\/label>\n\t\t\t\t\t\t\t\t\t\t\t\t\t\t<input size=\"1\" type=\"text\" name=\"form_fields[nom]\" id=\"form-field-nom\" class=\"elementor-field elementor-size-sm  elementor-field-textual\" placeholder=\"Sus apellidos * \" required=\"required\">\n\t\t\t\t\t\t\t\t\t\t\t<\/div>\n\t\t\t\t\t\t\t\t<div class=\"elementor-field-type-text elementor-field-group elementor-column elementor-field-group-prenom elementor-col-50 elementor-field-required\">\n\t\t\t\t\t\t\t\t\t\t\t\t<label for=\"form-field-prenom\" class=\"elementor-field-label elementor-screen-only\">\n\t\t\t\t\t\t\t\tSu nombre * \t\t\t\t\t\t\t<\/label>\n\t\t\t\t\t\t\t\t\t\t\t\t\t\t<input size=\"1\" type=\"text\" name=\"form_fields[prenom]\" id=\"form-field-prenom\" class=\"elementor-field elementor-size-sm  elementor-field-textual\" placeholder=\"Su nombre * \" required=\"required\">\n\t\t\t\t\t\t\t\t\t\t\t<\/div>\n\t\t\t\t\t\t\t\t<div class=\"elementor-field-type-email elementor-field-group elementor-column elementor-field-group-email elementor-col-50 elementor-field-required\">\n\t\t\t\t\t\t\t\t\t\t\t\t<label for=\"form-field-email\" class=\"elementor-field-label elementor-screen-only\">\n\t\t\t\t\t\t\t\tSu direcci\u00f3n de correo electr\u00f3nico * \t\t\t\t\t\t\t<\/label>\n\t\t\t\t\t\t\t\t\t\t\t\t\t\t<input size=\"1\" type=\"email\" name=\"form_fields[email]\" id=\"form-field-email\" class=\"elementor-field elementor-size-sm  elementor-field-textual\" placeholder=\"Su direcci\u00f3n de correo electr\u00f3nico * \" required=\"required\">\n\t\t\t\t\t\t\t\t\t\t\t<\/div>\n\t\t\t\t\t\t\t\t<div class=\"elementor-field-type-tel elementor-field-group elementor-column elementor-field-group-telephone elementor-col-50 elementor-field-required\">\n\t\t\t\t\t\t\t\t\t\t\t\t<label for=\"form-field-telephone\" class=\"elementor-field-label elementor-screen-only\">\n\t\t\t\t\t\t\t\tSu n\u00famero de tel\u00e9fono * \t\t\t\t\t\t\t<\/label>\n\t\t\t\t\t\t\t\t<input size=\"1\" type=\"tel\" name=\"form_fields[telephone]\" id=\"form-field-telephone\" class=\"elementor-field elementor-size-sm  elementor-field-textual\" placeholder=\"Su n\u00famero de tel\u00e9fono * \" required=\"required\" pattern=\"[0-9()#&amp;+*-=.]+\" title=\"Solo se aceptan n\u00fameros y caracteres de tel\u00e9fono (#,-,*,etc).\">\n\n\t\t\t\t\t\t<\/div>\n\t\t\t\t\t\t\t\t<div class=\"elementor-field-type-text elementor-field-group elementor-column elementor-field-group-siteinternet elementor-col-50\">\n\t\t\t\t\t\t\t\t\t\t\t\t<label for=\"form-field-siteinternet\" class=\"elementor-field-label elementor-screen-only\">\n\t\t\t\t\t\t\t\tSu p\u00e1gina web \t\t\t\t\t\t\t<\/label>\n\t\t\t\t\t\t\t\t\t\t\t\t\t\t<input size=\"1\" type=\"text\" name=\"form_fields[siteinternet]\" id=\"form-field-siteinternet\" class=\"elementor-field elementor-size-sm  elementor-field-textual\" placeholder=\"Su p\u00e1gina web \">\n\t\t\t\t\t\t\t\t\t\t\t<\/div>\n\t\t\t\t\t\t\t\t<div class=\"elementor-field-type-text elementor-field-group elementor-column elementor-field-group-societe elementor-col-50 elementor-field-required\">\n\t\t\t\t\t\t\t\t\t\t\t\t<label for=\"form-field-societe\" class=\"elementor-field-label elementor-screen-only\">\n\t\t\t\t\t\t\t\tSu empresa * \t\t\t\t\t\t\t<\/label>\n\t\t\t\t\t\t\t\t\t\t\t\t\t\t<input size=\"1\" type=\"text\" name=\"form_fields[societe]\" id=\"form-field-societe\" class=\"elementor-field elementor-size-sm  elementor-field-textual\" placeholder=\"Su empresa * \" required=\"required\">\n\t\t\t\t\t\t\t\t\t\t\t<\/div>\n\t\t\t\t\t\t\t\t<div class=\"elementor-field-type-textarea elementor-field-group elementor-column elementor-field-group-message elementor-col-100 elementor-field-required\">\n\t\t\t\t\t\t\t\t\t\t\t\t<label for=\"form-field-message\" class=\"elementor-field-label elementor-screen-only\">\n\t\t\t\t\t\t\t\t\u00bfEn qu\u00e9 podemos ayudarle? * Proyecto, objetivo, coaching, asesoramiento jur\u00eddico, formaci\u00f3n, ...\t\t\t\t\t\t\t<\/label>\n\t\t\t\t\t\t<textarea class=\"elementor-field-textual elementor-field  elementor-size-sm\" name=\"form_fields[message]\" id=\"form-field-message\" rows=\"8\" placeholder=\"\u00bfEn qu\u00e9 podemos ayudarle? * Proyecto, objetivo, coaching, asesoramiento jur\u00eddico, formaci\u00f3n, ...\" required=\"required\"><\/textarea>\t\t\t\t<\/div>\n\t\t\t\t\t\t\t\t<div class=\"elementor-field-type-acceptance elementor-field-group elementor-column elementor-field-group-field_09d32ff elementor-col-100 elementor-field-required\">\n\t\t\t\t\t\t\t<div class=\"elementor-field-subgroup\">\n\t\t\t<span class=\"elementor-field-option\">\n\t\t\t\t<input type=\"checkbox\" name=\"form_fields[field_09d32ff]\" id=\"form-field-field_09d32ff\" class=\"elementor-field elementor-size-sm  elementor-acceptance-field\" required=\"required\">\n\t\t\t\t<label for=\"form-field-field_09d32ff\"><span style=\"font-size: 14px;\">He le\u00eddo las condiciones generales sobre protecci\u00f3n de datos y las acepto sin reservas.  ( <u><a href=\"\/es\/proteccion-de-datos-personales\/\" style=\"color:#09008d; \"target=\"_blank\">Lea las condiciones sobre protecci\u00f3n de datos<\/a><\/u> )<\/span><\/label>\t\t\t<\/span>\n\t\t<\/div>\n\t\t\t\t\t\t<\/div>\n\t\t\t\t\t\t\t\t<div class=\"elementor-field-type-recaptcha_v3 elementor-field-group elementor-column elementor-field-group-field_c97f0ac elementor-col-100 recaptcha_v3-bottomright\">\n\t\t\t\t\t<div class=\"elementor-field\" id=\"form-field-field_c97f0ac\"><div class=\"elementor-g-recaptcha\" data-sitekey=\"6Lc9igcrAAAAAI49WyPtACbi3Ig8A8qQECHpqYCB\" data-type=\"v3\" data-action=\"Form\" data-badge=\"bottomright\" data-size=\"invisible\"><\/div><\/div>\t\t\t\t<\/div>\n\t\t\t\t\t\t\t\t<div class=\"elementor-field-group elementor-column elementor-field-type-submit elementor-col-100 e-form__buttons\">\n\t\t\t\t\t<button class=\"elementor-button elementor-size-sm\" type=\"submit\">\n\t\t\t\t\t\t<span class=\"elementor-button-content-wrapper\">\n\t\t\t\t\t\t\t\t\t\t\t\t\t\t\t\t\t\t\t\t\t\t<span class=\"elementor-button-text\">Enviar<\/span>\n\t\t\t\t\t\t\t\t\t\t\t\t\t<\/span>\n\t\t\t\t\t<\/button>\n\t\t\t\t<\/div>\n\t\t\t<\/div>\n\t\t<\/form>\n\t\t\t\t\t\t<\/div>\n\t\t\t\t<\/div>\n\t\t\t\t\t<\/div>\n\t\t\t\t<\/div>\n\t\t\t\t\t<\/div>\n\t\t\t\t<\/div>\n\t\t\t\t<\/div>\n\t\t","protected":false},"excerpt":{"rendered":"<p>test extrait contact<\/p>\n","protected":false},"author":2,"featured_media":0,"parent":0,"menu_order":0,"comment_status":"closed","ping_status":"closed","template":"","meta":{"_acf_changed":false,"_yoast_wpseo_focuskw":"","_yoast_wpseo_title":"Contacto \u2013 C2D Pr\u00e9vention","_yoast_wpseo_metadesc":"\u00bfDeseas contactar con C2D Pr\u00e9vention? Encuentra aqu\u00ed todos nuestros datos para comunicarte con nosotros f\u00e1cilmente.","_yoast_wpseo_meta-robots-noindex":"","_yoast_wpseo_meta-robots-nofollow":"","_yoast_wpseo_opengraph-title":"","_yoast_wpseo_opengraph-description":"","_yoast_wpseo_twitter-title":"","_yoast_wpseo_twitter-description":"","inline_featured_image":false,"_yoast_wpseo_focuskw_text_input":"","footnotes":""},"categories":[],"tags":[],"class_list":["post-3952","page","type-page","status-publish","hentry"],"acf":[],"yoast_head":"<!-- This site is optimized with the Yoast SEO plugin v26.6 - https:\/\/yoast.com\/wordpress\/plugins\/seo\/ -->\n<title>Contacto \u2013 C2D Pr\u00e9vention<\/title>\n<meta name=\"description\" content=\"\u00bfDeseas contactar con C2D Pr\u00e9vention? Encuentra aqu\u00ed todos nuestros datos para comunicarte con nosotros f\u00e1cilmente.\" \/>\n<meta name=\"robots\" content=\"index, follow, max-snippet:-1, max-image-preview:large, max-video-preview:-1\" \/>\n<link rel=\"canonical\" href=\"https:\/\/www.c2dprevention.com\/es\/contacto\/\" \/>\n<meta property=\"og:locale\" content=\"es_ES\" \/>\n<meta property=\"og:type\" content=\"article\" \/>\n<meta property=\"og:title\" content=\"Contacto \u2013 C2D Pr\u00e9vention\" \/>\n<meta property=\"og:description\" content=\"\u00bfDeseas contactar con C2D Pr\u00e9vention? Encuentra aqu\u00ed todos nuestros datos para comunicarte con nosotros f\u00e1cilmente.\" \/>\n<meta property=\"og:url\" content=\"https:\/\/www.c2dprevention.com\/es\/contacto\/\" \/>\n<meta property=\"og:site_name\" content=\"C2D Prevention\" \/>\n<meta property=\"article:modified_time\" content=\"2025-07-17T14:33:34+00:00\" \/>\n<meta name=\"twitter:card\" content=\"summary_large_image\" \/>\n<meta name=\"twitter:label1\" content=\"Tiempo de lectura\" \/>\n\t<meta name=\"twitter:data1\" content=\"1 minuto\" \/>\n<script type=\"application\/ld+json\" class=\"yoast-schema-graph\">{\"@context\":\"https:\/\/schema.org\",\"@graph\":[{\"@type\":\"WebPage\",\"@id\":\"https:\/\/www.c2dprevention.com\/es\/contacto\/\",\"url\":\"https:\/\/www.c2dprevention.com\/es\/contacto\/\",\"name\":\"Contacto \u2013 C2D Pr\u00e9vention\",\"isPartOf\":{\"@id\":\"https:\/\/www.c2dprevention.com\/es\/#website\"},\"datePublished\":\"2025-05-07T14:54:21+00:00\",\"dateModified\":\"2025-07-17T14:33:34+00:00\",\"description\":\"\u00bfDeseas contactar con C2D Pr\u00e9vention? Encuentra aqu\u00ed todos nuestros datos para comunicarte con nosotros f\u00e1cilmente.\",\"breadcrumb\":{\"@id\":\"https:\/\/www.c2dprevention.com\/es\/contacto\/#breadcrumb\"},\"inLanguage\":\"es\",\"potentialAction\":[{\"@type\":\"ReadAction\",\"target\":[\"https:\/\/www.c2dprevention.com\/es\/contacto\/\"]}]},{\"@type\":\"BreadcrumbList\",\"@id\":\"https:\/\/www.c2dprevention.com\/es\/contacto\/#breadcrumb\",\"itemListElement\":[{\"@type\":\"ListItem\",\"position\":1,\"name\":\"Inicio\",\"item\":\"https:\/\/www.c2dprevention.com\/es\/accueil-v3-2\/\"},{\"@type\":\"ListItem\",\"position\":2,\"name\":\"Contacto\"}]},{\"@type\":\"WebSite\",\"@id\":\"https:\/\/www.c2dprevention.com\/es\/#website\",\"url\":\"https:\/\/www.c2dprevention.com\/es\/\",\"name\":\"C2D Prevention\",\"description\":\"\",\"publisher\":{\"@id\":\"https:\/\/www.c2dprevention.com\/es\/#organization\"},\"potentialAction\":[{\"@type\":\"SearchAction\",\"target\":{\"@type\":\"EntryPoint\",\"urlTemplate\":\"https:\/\/www.c2dprevention.com\/es\/?s={search_term_string}\"},\"query-input\":{\"@type\":\"PropertyValueSpecification\",\"valueRequired\":true,\"valueName\":\"search_term_string\"}}],\"inLanguage\":\"es\"},{\"@type\":\"Organization\",\"@id\":\"https:\/\/www.c2dprevention.com\/es\/#organization\",\"name\":\"C2D Prevention\",\"url\":\"https:\/\/www.c2dprevention.com\/es\/\",\"logo\":{\"@type\":\"ImageObject\",\"inLanguage\":\"es\",\"@id\":\"https:\/\/www.c2dprevention.com\/es\/#\/schema\/logo\/image\/\",\"url\":\"https:\/\/www.c2dprevention.com\/wp-content\/uploads\/2025\/05\/logoc2d.svg\",\"contentUrl\":\"https:\/\/www.c2dprevention.com\/wp-content\/uploads\/2025\/05\/logoc2d.svg\",\"width\":100,\"height\":58,\"caption\":\"C2D Prevention\"},\"image\":{\"@id\":\"https:\/\/www.c2dprevention.com\/es\/#\/schema\/logo\/image\/\"}}]}<\/script>\n<!-- \/ Yoast SEO plugin. -->","yoast_head_json":{"title":"Contacto \u2013 C2D Pr\u00e9vention","description":"\u00bfDeseas contactar con C2D Pr\u00e9vention? Encuentra aqu\u00ed todos nuestros datos para comunicarte con nosotros f\u00e1cilmente.","robots":{"index":"index","follow":"follow","max-snippet":"max-snippet:-1","max-image-preview":"max-image-preview:large","max-video-preview":"max-video-preview:-1"},"canonical":"https:\/\/www.c2dprevention.com\/es\/contacto\/","og_locale":"es_ES","og_type":"article","og_title":"Contacto \u2013 C2D Pr\u00e9vention","og_description":"\u00bfDeseas contactar con C2D Pr\u00e9vention? Encuentra aqu\u00ed todos nuestros datos para comunicarte con nosotros f\u00e1cilmente.","og_url":"https:\/\/www.c2dprevention.com\/es\/contacto\/","og_site_name":"C2D Prevention","article_modified_time":"2025-07-17T14:33:34+00:00","twitter_card":"summary_large_image","twitter_misc":{"Tiempo de lectura":"1 minuto"},"schema":{"@context":"https:\/\/schema.org","@graph":[{"@type":"WebPage","@id":"https:\/\/www.c2dprevention.com\/es\/contacto\/","url":"https:\/\/www.c2dprevention.com\/es\/contacto\/","name":"Contacto \u2013 C2D Pr\u00e9vention","isPartOf":{"@id":"https:\/\/www.c2dprevention.com\/es\/#website"},"datePublished":"2025-05-07T14:54:21+00:00","dateModified":"2025-07-17T14:33:34+00:00","description":"\u00bfDeseas contactar con C2D Pr\u00e9vention? Encuentra aqu\u00ed todos nuestros datos para comunicarte con nosotros f\u00e1cilmente.","breadcrumb":{"@id":"https:\/\/www.c2dprevention.com\/es\/contacto\/#breadcrumb"},"inLanguage":"es","potentialAction":[{"@type":"ReadAction","target":["https:\/\/www.c2dprevention.com\/es\/contacto\/"]}]},{"@type":"BreadcrumbList","@id":"https:\/\/www.c2dprevention.com\/es\/contacto\/#breadcrumb","itemListElement":[{"@type":"ListItem","position":1,"name":"Inicio","item":"https:\/\/www.c2dprevention.com\/es\/accueil-v3-2\/"},{"@type":"ListItem","position":2,"name":"Contacto"}]},{"@type":"WebSite","@id":"https:\/\/www.c2dprevention.com\/es\/#website","url":"https:\/\/www.c2dprevention.com\/es\/","name":"C2D Prevention","description":"","publisher":{"@id":"https:\/\/www.c2dprevention.com\/es\/#organization"},"potentialAction":[{"@type":"SearchAction","target":{"@type":"EntryPoint","urlTemplate":"https:\/\/www.c2dprevention.com\/es\/?s={search_term_string}"},"query-input":{"@type":"PropertyValueSpecification","valueRequired":true,"valueName":"search_term_string"}}],"inLanguage":"es"},{"@type":"Organization","@id":"https:\/\/www.c2dprevention.com\/es\/#organization","name":"C2D Prevention","url":"https:\/\/www.c2dprevention.com\/es\/","logo":{"@type":"ImageObject","inLanguage":"es","@id":"https:\/\/www.c2dprevention.com\/es\/#\/schema\/logo\/image\/","url":"https:\/\/www.c2dprevention.com\/wp-content\/uploads\/2025\/05\/logoc2d.svg","contentUrl":"https:\/\/www.c2dprevention.com\/wp-content\/uploads\/2025\/05\/logoc2d.svg","width":100,"height":58,"caption":"C2D Prevention"},"image":{"@id":"https:\/\/www.c2dprevention.com\/es\/#\/schema\/logo\/image\/"}}]}},"_links":{"self":[{"href":"https:\/\/www.c2dprevention.com\/es\/wp-json\/wp\/v2\/pages\/3952","targetHints":{"allow":["GET"]}}],"collection":[{"href":"https:\/\/www.c2dprevention.com\/es\/wp-json\/wp\/v2\/pages"}],"about":[{"href":"https:\/\/www.c2dprevention.com\/es\/wp-json\/wp\/v2\/types\/page"}],"author":[{"embeddable":true,"href":"https:\/\/www.c2dprevention.com\/es\/wp-json\/wp\/v2\/users\/2"}],"replies":[{"embeddable":true,"href":"https:\/\/www.c2dprevention.com\/es\/wp-json\/wp\/v2\/comments?post=3952"}],"version-history":[{"count":11,"href":"https:\/\/www.c2dprevention.com\/es\/wp-json\/wp\/v2\/pages\/3952\/revisions"}],"predecessor-version":[{"id":5785,"href":"https:\/\/www.c2dprevention.com\/es\/wp-json\/wp\/v2\/pages\/3952\/revisions\/5785"}],"wp:attachment":[{"href":"https:\/\/www.c2dprevention.com\/es\/wp-json\/wp\/v2\/media?parent=3952"}],"wp:term":[{"taxonomy":"category","embeddable":true,"href":"https:\/\/www.c2dprevention.com\/es\/wp-json\/wp\/v2\/categories?post=3952"},{"taxonomy":"post_tag","embeddable":true,"href":"https:\/\/www.c2dprevention.com\/es\/wp-json\/wp\/v2\/tags?post=3952"}],"curies":[{"name":"wp","href":"https:\/\/api.w.org\/{rel}","templated":true}]}}