{"id":4668,"date":"2025-05-07T17:16:59","date_gmt":"2025-05-07T15:16:59","guid":{"rendered":"https:\/\/www.c2dprevention.com\/politique-de-confidentialite\/"},"modified":"2025-06-19T14:42:12","modified_gmt":"2025-06-19T12:42:12","slug":"proteccion-de-datos-personales","status":"publish","type":"page","link":"https:\/\/www.c2dprevention.com\/es\/proteccion-de-datos-personales\/","title":{"rendered":"Protecci\u00f3n de datos personales"},"content":{"rendered":"\t\t<div data-elementor-type=\"wp-page\" data-elementor-id=\"4668\" class=\"elementor elementor-4668 elementor-2082\" data-elementor-post-type=\"page\">\n\t\t\t\t<div class=\"elementor-element elementor-element-4e18726a e-flex e-con-boxed e-con e-parent\" data-id=\"4e18726a\" data-element_type=\"container\" data-settings=\"{&quot;background_background&quot;:&quot;classic&quot;}\">\n\t\t\t\t\t<div class=\"e-con-inner\">\n\t\t\t\t<div class=\"elementor-element elementor-element-501f1398 breadcrumbs elementor-widget elementor-widget-breadcrumbs\" data-id=\"501f1398\" data-element_type=\"widget\" data-widget_type=\"breadcrumbs.default\">\n\t\t\t\t\t<p id=\"breadcrumbs\"><span><span><a href=\"https:\/\/www.c2dprevention.com\/es\/accueil-v3-2\/\">Inicio<\/a><\/span><\/span><\/p>\t\t\t\t<\/div>\n\t\t\t\t\t<\/div>\n\t\t\t\t<\/div>\n\t\t<div class=\"elementor-element elementor-element-65683949 ban_inte e-con-full e-flex e-con e-parent\" data-id=\"65683949\" data-element_type=\"container\" data-settings=\"{&quot;background_background&quot;:&quot;classic&quot;}\">\n\t\t<div class=\"elementor-element elementor-element-1656e91a ban_inte e-flex e-con-boxed e-con e-child\" data-id=\"1656e91a\" data-element_type=\"container\" data-settings=\"{&quot;background_background&quot;:&quot;classic&quot;}\">\n\t\t\t\t\t<div class=\"e-con-inner\">\n\t\t\t\t<div class=\"elementor-element elementor-element-285a5b25 ban_titre elementor-widget elementor-widget-heading\" data-id=\"285a5b25\" data-element_type=\"widget\" data-widget_type=\"heading.default\">\n\t\t\t\t\t<h1 class=\"elementor-heading-title elementor-size-default\">Protecci\u00f3n de datos personales<\/h1>\t\t\t\t<\/div>\n\t\t\t\t\t<\/div>\n\t\t\t\t<\/div>\n\t\t\t\t<\/div>\n\t\t<div class=\"elementor-element elementor-element-6a9733da e-flex e-con-boxed e-con e-parent\" data-id=\"6a9733da\" data-element_type=\"container\">\n\t\t\t\t\t<div class=\"e-con-inner\">\n\t\t\t\t<div class=\"elementor-element elementor-element-12f94285 elementor-widget elementor-widget-text-editor\" data-id=\"12f94285\" data-element_type=\"widget\" data-widget_type=\"text-editor.default\">\n\t\t\t\t\t\t\t\t\t<p>C2D Pr\u00e9vention, situ\u00e9 au 14 Rue du Vieux Faubourg, 59000 Lille, France, est responsable de la collecte et du traitement des donn\u00e9es personnelles comme d\u00e9crit dans cette politique de confidentialit\u00e9.<\/p><h2><strong>DONN\u00c9ES COLLECT\u00c9ES<\/strong><\/h2><h3><strong>Donn\u00e9es que vous nous transmettez<\/strong><\/h3><p>Nous collectons diverses donn\u00e9es que vous nous envoyez volontairement :<\/p><ul><li>L\u2019utilisation des divers formulaires du site nous transmet des informations qui sont conserv\u00e9es (le plus souvent, le nom, le num\u00e9ro de t\u00e9l\u00e9phone, l\u2019adresse \u00e9lectronique, et le message).<\/li><\/ul><h3><strong>Donn\u00e9es collect\u00e9es automatiquement<\/strong><\/h3><p>En plus des donn\u00e9es que vous nous fournissez volontairement, nous r\u00e9cup\u00e9rons des donn\u00e9es de fa\u00e7on automatique :<\/p><ul><li>Votre adresse IP ;<\/li><li>Diverses informations concernant vos logiciels et votre mat\u00e9riel (la r\u00e9solution de l\u2019\u00e9cran, le syst\u00e8me d\u2019exploitation et sa version, le navigateur et sa version, et la langue du navigateur) ;<\/li><li>Dans le cas o\u00f9 un ordinateur est utilis\u00e9 pour acc\u00e9der au site, diverses informations concernant votre ordinateur (la profondeur de couleur de l\u2019\u00e9cran, la pr\u00e9sence de flash et sa version, et la pr\u00e9sence de Java) ;<\/li><li>Dans le cas o\u00f9 un appareil mobile est utilis\u00e9 pour acc\u00e9der au site, diverses informations concernant votre appareil mobile (le s\u00e9lecteur de saisie, le fournisseur de services internet, la marque et le mod\u00e8le du t\u00e9l\u00e9phone).<\/li><li>Diverses m\u00e9tadonn\u00e9es comme l\u2019URL de la page que vous visitez, l\u2019heure \u00e0 laquelle vous la visitez et combien de temps vous restez dessus ;<\/li><li>Le canal par lequel vous \u00eates arriv\u00e9 sur notre site (acc\u00e8s direct, moteur de recherche, r\u00e9seau social, lettre d\u2019information, offre commerciale, site externe ou publicit\u00e9) ;<\/li><li>L\u2019URL r\u00e9f\u00e9rente qui vous a amen\u00e9 sur notre site ;<\/li><li>Dans le cas o\u00f9 vous \u00eates venu sur le site \u00e0 travers une recherche sur un moteur de recherche, le mot-cl\u00e9 ayant permis de trouver le site.<\/li><\/ul><h2><strong>UTILISATION DES DONN\u00c9ES COLLECT\u00c9ES<\/strong><\/h2><ul><li>Les diverses donn\u00e9es soumises via les formulaires de contact sont utilis\u00e9es afin de rentrer en contact avec vous ;<\/li><li>Dans le cas o\u00f9 vous avez accept\u00e9 de recevoir par courrier \u00e9lectronique notre lettre d\u2019information, votre adresse \u00e9lectronique sera utilis\u00e9e afin que vous puissiez la recevoir ;<\/li><li>Votre adresse IP nous sert \u00e0 :<ul><li>Vous fournir l\u2019acc\u00e8s au site ;<\/li><li>Savoir depuis quelle localisation (ville) vous visitez le site ;<\/li><li>Nous prot\u00e9ger des attaques ;<\/li><\/ul><\/li><li>Les donn\u00e9es concernant vos logiciels et votre mat\u00e9riel nous servent \u00e0 :<ul><li>Mieux conna\u00eetre les outils utilis\u00e9s par les utilisateurs du site \u00e0 des fins statistiques et afin d\u2019am\u00e9liorer le site ;<\/li><\/ul><\/li><li>Les m\u00e9tadonn\u00e9es comme l\u2019URL, l\u2019heure de la visite, la dur\u00e9e de la visite, le canal utilis\u00e9, l\u2019URL r\u00e9f\u00e9rence et le mot-cl\u00e9 recherch\u00e9 nous servent \u00e0 :<ul><li>Effectuer un suivi statistique du site ;<\/li><li>Identifier d\u2019\u00e9ventuels probl\u00e8mes sur le site (page inaccessible, page mal r\u00e9f\u00e9renc\u00e9e\/positionn\u00e9e, probl\u00e8me dans le tunnel d\u2019achat, etc.) ;<\/li><li>Identifier ce qui fonctionne bien (mots-cl\u00e9s pertinents, bonne optimisation du site, etc.).<\/li><\/ul><\/li><\/ul><h2><strong>DONN\u00c9ES PARTAG\u00c9ES<\/strong><\/h2><p>En plus de nous-m\u00eame, voici qui a acc\u00e8s aux donn\u00e9es collect\u00e9es :<\/p><ul><li><a href=\"https:\/\/policies.google.com\/privacy?hl=fr\" target=\"_blank\" rel=\"noopener\">Google<\/a> (c\u2019est l\u2019outil Google Analytics qui collecte les donn\u00e9es \u00e9nonc\u00e9es).<\/li><\/ul><p>En aucun cas nous ne vendons vos donn\u00e9es personnelles.<\/p><p>Hors cela, nous ne divulguons pas vos donn\u00e9es personnelles \u00e0 des tiers, except\u00e9 si (1) vous en formulez la demande ou autoriser la divulgation ; (2) la divulgation est requise pour traiter des transactions ou fournir des services que vous avez demand\u00e9s ; ou (3) nous y sommes contraint par une autorit\u00e9 gouvernementale ou un organisme de r\u00e9glementation, en cas de r\u00e9quisition judiciaire, de citation \u00e0 compara\u00eetre ou de toute autre exigence gouvernementale ou judiciaire similaire, ou pour \u00e9tablir ou d\u00e9fendre une demande l\u00e9gale.<\/p><h2><strong>DUR\u00c9E DE CONSERVATION DES DONN\u00c9ES<\/strong><\/h2><ul><li>Les donn\u00e9es stock\u00e9es sur Google Analytics sont conserv\u00e9es 26 mois ;<\/li><li>Les donn\u00e9es envoy\u00e9es depuis les formulaires de contact sont conserv\u00e9es jusqu\u2019\u00e0 demande de suppression.<\/li><\/ul><h2><strong>LIENS VERS D\u2019AUTRES SITES<\/strong><\/h2><p>Sauf indications contraires, les logos, graphiques, marques et\/ou enseignes figurant sur ce site, y compris et de fa\u00e7on non exhaustive, sont des marques d\u00e9pos\u00e9es et ne peuvent \u00eatre utilis\u00e9es \u00e0 des fins commerciales sans accord \u00e9crit pr\u00e9alable.<\/p><h2><strong>7. Accessibilit\u00e9 \/ standards du web<\/strong><\/h2><p>Ce site contient des liens vers d\u2019autres sites. Nous ne pouvons \u00eatre tenus pour responsables des pratiques de confidentialit\u00e9 ou des contenus d\u2019autres sites.<\/p><h2><strong>S\u00c9CURIT\u00c9<\/strong><\/h2><p>Afin d\u2019assurer la s\u00e9curit\u00e9 de notre site, nous avons mis en place diverses mesures :<\/p><ul><li>Chiffrement HTTPS du site avec un certificat TLS, afin de s\u00e9curiser les \u00e9changes entre le navigateur et le site ;<\/li><li>Hachage des mots de passe.<\/li><\/ul><h2><strong>PUBLICIT\u00c9<\/strong><\/h2><h2><strong>LETTRES D\u2019INFORMATION ET OFFRES PUBLICITAIRES PAR COURRIER \u00c9LECTRONIQUE<\/strong><\/h2><h3><strong>Statistiques<\/strong><\/h3><p>Les courriels que nous envoyons contiennent des traceurs qui nous permettent de conna\u00eetre le nombre d\u2019ouverture de nos messages, les liens cliqu\u00e9s, les d\u00e9sabonnements et les \u00ab mises en spam \u00bb (donn\u00e9es que nous utilisons \u00e0 des fins statistiques).<\/p><h2><strong>COOKIES<\/strong><\/h2><p>Vous pouvez \u00e0 tout moment changer votre consentement sur le d\u00e9p\u00f4t de cookies \u00e0 l\u2019aide du bouton situ\u00e9 en bas de page (footer).<\/p><p>La dur\u00e9e de consentement des cookies est de 13 mois. Apr\u00e8s cela, il vous sera de nouveau demand\u00e9.<\/p><h2><strong>VOS DROITS<\/strong><\/h2><p>Concernant les donn\u00e9es que nous poss\u00e9dons sur vous, vous pouvez, \u00e0 tout moment :<\/p><ul><li>Demander l\u2019acc\u00e8s aux donn\u00e9es ;<\/li><li>Demander la rectification de donn\u00e9es ;<\/li><li>Demander l\u2019effacement de donn\u00e9es ;<\/li><li>Demander la limitation de traitement de donn\u00e9es ;<\/li><li>Vous opposer au traitement de donn\u00e9es.<\/li><\/ul><p>Pour en savoir plus sur vos droits, rendez-vous sur le <a href=\"https:\/\/www.cnil.fr\/\" target=\"_blank\" rel=\"noopener\">site de la CNIL<\/a>.<\/p><h2><strong>NOUS CONTACTER<\/strong><\/h2><p>Vous pouvez nous contacter :<\/p><ul><li>Via le <a href=\"https:\/\/www.c2dprevention.fr\/contact\/\" target=\"_blank\" rel=\"noopener\">formulaire de contact<\/a><\/li><\/ul>\t\t\t\t\t\t\t\t<\/div>\n\t\t\t\t\t<\/div>\n\t\t\t\t<\/div>\n\t\t\t\t<\/div>\n\t\t","protected":false},"excerpt":{"rendered":"<p>Protecci\u00f3n de datos personales C2D Pr\u00e9vention, situ\u00e9 au 14 Rue du Vieux Faubourg, 59000 Lille, France, est responsable de la collecte et du traitement des donn\u00e9es personnelles comme d\u00e9crit dans cette politique de confidentialit\u00e9. DONN\u00c9ES COLLECT\u00c9ES Donn\u00e9es que vous nous transmettez Nous collectons diverses donn\u00e9es que vous nous envoyez volontairement : L\u2019utilisation des divers formulaires [&hellip;]<\/p>\n","protected":false},"author":4,"featured_media":0,"parent":0,"menu_order":0,"comment_status":"closed","ping_status":"closed","template":"","meta":{"_acf_changed":false,"_yoast_wpseo_focuskw":"","_yoast_wpseo_title":"Politique de confidentialit\u00e9 - C2D Pr\u00e9vention","_yoast_wpseo_metadesc":"","_yoast_wpseo_meta-robots-noindex":"","_yoast_wpseo_meta-robots-nofollow":"","_yoast_wpseo_opengraph-title":"","_yoast_wpseo_opengraph-description":"","_yoast_wpseo_twitter-title":"","_yoast_wpseo_twitter-description":"","inline_featured_image":false,"_yoast_wpseo_focuskw_text_input":"","footnotes":""},"categories":[],"tags":[],"class_list":["post-4668","page","type-page","status-publish","hentry"],"acf":[],"yoast_head":"<!-- This site is optimized with the Yoast SEO plugin v26.6 - https:\/\/yoast.com\/wordpress\/plugins\/seo\/ -->\n<title>Politique de confidentialit\u00e9 - C2D Pr\u00e9vention<\/title>\n<meta name=\"robots\" content=\"index, follow, max-snippet:-1, max-image-preview:large, max-video-preview:-1\" \/>\n<link rel=\"canonical\" href=\"https:\/\/www.c2dprevention.com\/es\/proteccion-de-datos-personales\/\" \/>\n<meta property=\"og:locale\" content=\"es_ES\" \/>\n<meta property=\"og:type\" content=\"article\" \/>\n<meta property=\"og:title\" content=\"Politique de confidentialit\u00e9 - C2D Pr\u00e9vention\" \/>\n<meta property=\"og:description\" content=\"Protecci\u00f3n de datos personales C2D Pr\u00e9vention, situ\u00e9 au 14 Rue du Vieux Faubourg, 59000 Lille, France, est responsable de la collecte et du traitement des donn\u00e9es personnelles comme d\u00e9crit dans cette politique de confidentialit\u00e9. DONN\u00c9ES COLLECT\u00c9ES Donn\u00e9es que vous nous transmettez Nous collectons diverses donn\u00e9es que vous nous envoyez volontairement : L\u2019utilisation des divers formulaires [&hellip;]\" \/>\n<meta property=\"og:url\" content=\"https:\/\/www.c2dprevention.com\/es\/proteccion-de-datos-personales\/\" \/>\n<meta property=\"og:site_name\" content=\"C2D Prevention\" \/>\n<meta property=\"article:modified_time\" content=\"2025-06-19T12:42:12+00:00\" \/>\n<meta name=\"twitter:card\" content=\"summary_large_image\" \/>\n<meta name=\"twitter:label1\" content=\"Tiempo de lectura\" \/>\n\t<meta name=\"twitter:data1\" content=\"4 minutos\" \/>\n<script type=\"application\/ld+json\" class=\"yoast-schema-graph\">{\"@context\":\"https:\/\/schema.org\",\"@graph\":[{\"@type\":\"WebPage\",\"@id\":\"https:\/\/www.c2dprevention.com\/es\/proteccion-de-datos-personales\/\",\"url\":\"https:\/\/www.c2dprevention.com\/es\/proteccion-de-datos-personales\/\",\"name\":\"Politique de confidentialit\u00e9 - C2D Pr\u00e9vention\",\"isPartOf\":{\"@id\":\"https:\/\/www.c2dprevention.com\/es\/#website\"},\"datePublished\":\"2025-05-07T15:16:59+00:00\",\"dateModified\":\"2025-06-19T12:42:12+00:00\",\"breadcrumb\":{\"@id\":\"https:\/\/www.c2dprevention.com\/es\/proteccion-de-datos-personales\/#breadcrumb\"},\"inLanguage\":\"es\",\"potentialAction\":[{\"@type\":\"ReadAction\",\"target\":[\"https:\/\/www.c2dprevention.com\/es\/proteccion-de-datos-personales\/\"]}]},{\"@type\":\"BreadcrumbList\",\"@id\":\"https:\/\/www.c2dprevention.com\/es\/proteccion-de-datos-personales\/#breadcrumb\",\"itemListElement\":[{\"@type\":\"ListItem\",\"position\":1,\"name\":\"Inicio\",\"item\":\"https:\/\/www.c2dprevention.com\/es\/accueil-v3-2\/\"},{\"@type\":\"ListItem\",\"position\":2,\"name\":\"Protecci\u00f3n de datos personales\"}]},{\"@type\":\"WebSite\",\"@id\":\"https:\/\/www.c2dprevention.com\/es\/#website\",\"url\":\"https:\/\/www.c2dprevention.com\/es\/\",\"name\":\"C2D Prevention\",\"description\":\"\",\"publisher\":{\"@id\":\"https:\/\/www.c2dprevention.com\/es\/#organization\"},\"potentialAction\":[{\"@type\":\"SearchAction\",\"target\":{\"@type\":\"EntryPoint\",\"urlTemplate\":\"https:\/\/www.c2dprevention.com\/es\/?s={search_term_string}\"},\"query-input\":{\"@type\":\"PropertyValueSpecification\",\"valueRequired\":true,\"valueName\":\"search_term_string\"}}],\"inLanguage\":\"es\"},{\"@type\":\"Organization\",\"@id\":\"https:\/\/www.c2dprevention.com\/es\/#organization\",\"name\":\"C2D Prevention\",\"url\":\"https:\/\/www.c2dprevention.com\/es\/\",\"logo\":{\"@type\":\"ImageObject\",\"inLanguage\":\"es\",\"@id\":\"https:\/\/www.c2dprevention.com\/es\/#\/schema\/logo\/image\/\",\"url\":\"https:\/\/www.c2dprevention.com\/wp-content\/uploads\/2025\/05\/logoc2d.svg\",\"contentUrl\":\"https:\/\/www.c2dprevention.com\/wp-content\/uploads\/2025\/05\/logoc2d.svg\",\"width\":100,\"height\":58,\"caption\":\"C2D Prevention\"},\"image\":{\"@id\":\"https:\/\/www.c2dprevention.com\/es\/#\/schema\/logo\/image\/\"}}]}<\/script>\n<!-- \/ Yoast SEO plugin. -->","yoast_head_json":{"title":"Politique de confidentialit\u00e9 - C2D Pr\u00e9vention","robots":{"index":"index","follow":"follow","max-snippet":"max-snippet:-1","max-image-preview":"max-image-preview:large","max-video-preview":"max-video-preview:-1"},"canonical":"https:\/\/www.c2dprevention.com\/es\/proteccion-de-datos-personales\/","og_locale":"es_ES","og_type":"article","og_title":"Politique de confidentialit\u00e9 - C2D Pr\u00e9vention","og_description":"Protecci\u00f3n de datos personales C2D Pr\u00e9vention, situ\u00e9 au 14 Rue du Vieux Faubourg, 59000 Lille, France, est responsable de la collecte et du traitement des donn\u00e9es personnelles comme d\u00e9crit dans cette politique de confidentialit\u00e9. DONN\u00c9ES COLLECT\u00c9ES Donn\u00e9es que vous nous transmettez Nous collectons diverses donn\u00e9es que vous nous envoyez volontairement : L\u2019utilisation des divers formulaires [&hellip;]","og_url":"https:\/\/www.c2dprevention.com\/es\/proteccion-de-datos-personales\/","og_site_name":"C2D Prevention","article_modified_time":"2025-06-19T12:42:12+00:00","twitter_card":"summary_large_image","twitter_misc":{"Tiempo de lectura":"4 minutos"},"schema":{"@context":"https:\/\/schema.org","@graph":[{"@type":"WebPage","@id":"https:\/\/www.c2dprevention.com\/es\/proteccion-de-datos-personales\/","url":"https:\/\/www.c2dprevention.com\/es\/proteccion-de-datos-personales\/","name":"Politique de confidentialit\u00e9 - C2D Pr\u00e9vention","isPartOf":{"@id":"https:\/\/www.c2dprevention.com\/es\/#website"},"datePublished":"2025-05-07T15:16:59+00:00","dateModified":"2025-06-19T12:42:12+00:00","breadcrumb":{"@id":"https:\/\/www.c2dprevention.com\/es\/proteccion-de-datos-personales\/#breadcrumb"},"inLanguage":"es","potentialAction":[{"@type":"ReadAction","target":["https:\/\/www.c2dprevention.com\/es\/proteccion-de-datos-personales\/"]}]},{"@type":"BreadcrumbList","@id":"https:\/\/www.c2dprevention.com\/es\/proteccion-de-datos-personales\/#breadcrumb","itemListElement":[{"@type":"ListItem","position":1,"name":"Inicio","item":"https:\/\/www.c2dprevention.com\/es\/accueil-v3-2\/"},{"@type":"ListItem","position":2,"name":"Protecci\u00f3n de datos personales"}]},{"@type":"WebSite","@id":"https:\/\/www.c2dprevention.com\/es\/#website","url":"https:\/\/www.c2dprevention.com\/es\/","name":"C2D Prevention","description":"","publisher":{"@id":"https:\/\/www.c2dprevention.com\/es\/#organization"},"potentialAction":[{"@type":"SearchAction","target":{"@type":"EntryPoint","urlTemplate":"https:\/\/www.c2dprevention.com\/es\/?s={search_term_string}"},"query-input":{"@type":"PropertyValueSpecification","valueRequired":true,"valueName":"search_term_string"}}],"inLanguage":"es"},{"@type":"Organization","@id":"https:\/\/www.c2dprevention.com\/es\/#organization","name":"C2D Prevention","url":"https:\/\/www.c2dprevention.com\/es\/","logo":{"@type":"ImageObject","inLanguage":"es","@id":"https:\/\/www.c2dprevention.com\/es\/#\/schema\/logo\/image\/","url":"https:\/\/www.c2dprevention.com\/wp-content\/uploads\/2025\/05\/logoc2d.svg","contentUrl":"https:\/\/www.c2dprevention.com\/wp-content\/uploads\/2025\/05\/logoc2d.svg","width":100,"height":58,"caption":"C2D Prevention"},"image":{"@id":"https:\/\/www.c2dprevention.com\/es\/#\/schema\/logo\/image\/"}}]}},"_links":{"self":[{"href":"https:\/\/www.c2dprevention.com\/es\/wp-json\/wp\/v2\/pages\/4668","targetHints":{"allow":["GET"]}}],"collection":[{"href":"https:\/\/www.c2dprevention.com\/es\/wp-json\/wp\/v2\/pages"}],"about":[{"href":"https:\/\/www.c2dprevention.com\/es\/wp-json\/wp\/v2\/types\/page"}],"author":[{"embeddable":true,"href":"https:\/\/www.c2dprevention.com\/es\/wp-json\/wp\/v2\/users\/4"}],"replies":[{"embeddable":true,"href":"https:\/\/www.c2dprevention.com\/es\/wp-json\/wp\/v2\/comments?post=4668"}],"version-history":[{"count":4,"href":"https:\/\/www.c2dprevention.com\/es\/wp-json\/wp\/v2\/pages\/4668\/revisions"}],"predecessor-version":[{"id":4724,"href":"https:\/\/www.c2dprevention.com\/es\/wp-json\/wp\/v2\/pages\/4668\/revisions\/4724"}],"wp:attachment":[{"href":"https:\/\/www.c2dprevention.com\/es\/wp-json\/wp\/v2\/media?parent=4668"}],"wp:term":[{"taxonomy":"category","embeddable":true,"href":"https:\/\/www.c2dprevention.com\/es\/wp-json\/wp\/v2\/categories?post=4668"},{"taxonomy":"post_tag","embeddable":true,"href":"https:\/\/www.c2dprevention.com\/es\/wp-json\/wp\/v2\/tags?post=4668"}],"curies":[{"name":"wp","href":"https:\/\/api.w.org\/{rel}","templated":true}]}}