{"id":4673,"date":"2025-05-07T16:54:21","date_gmt":"2025-05-07T14:54:21","guid":{"rendered":"https:\/\/www.c2dprevention.com\/mentions-legales\/"},"modified":"2025-06-19T14:41:55","modified_gmt":"2025-06-19T12:41:55","slug":"aviso-legal","status":"publish","type":"page","link":"https:\/\/www.c2dprevention.com\/es\/aviso-legal\/","title":{"rendered":"Aviso legal"},"content":{"rendered":"\t\t<div data-elementor-type=\"wp-page\" data-elementor-id=\"4673\" class=\"elementor elementor-4673 elementor-12\" data-elementor-post-type=\"page\">\n\t\t\t\t<div class=\"elementor-element elementor-element-51abe5c0 e-flex e-con-boxed e-con e-parent\" data-id=\"51abe5c0\" data-element_type=\"container\" data-settings=\"{&quot;background_background&quot;:&quot;classic&quot;}\">\n\t\t\t\t\t<div class=\"e-con-inner\">\n\t\t\t\t<div class=\"elementor-element elementor-element-6cf68da2 breadcrumbs elementor-widget elementor-widget-breadcrumbs\" data-id=\"6cf68da2\" data-element_type=\"widget\" data-widget_type=\"breadcrumbs.default\">\n\t\t\t\t\t<p id=\"breadcrumbs\"><span><span><a href=\"https:\/\/www.c2dprevention.com\/es\/accueil-v3-2\/\">Inicio<\/a><\/span><\/span><\/p>\t\t\t\t<\/div>\n\t\t\t\t\t<\/div>\n\t\t\t\t<\/div>\n\t\t<div class=\"elementor-element elementor-element-2b3c6aa3 ban_inte e-con-full e-flex e-con e-parent\" data-id=\"2b3c6aa3\" data-element_type=\"container\" data-settings=\"{&quot;background_background&quot;:&quot;classic&quot;}\">\n\t\t<div class=\"elementor-element elementor-element-3789a425 ban_inte e-flex e-con-boxed e-con e-child\" data-id=\"3789a425\" data-element_type=\"container\" data-settings=\"{&quot;background_background&quot;:&quot;classic&quot;}\">\n\t\t\t\t\t<div class=\"e-con-inner\">\n\t\t\t\t<div class=\"elementor-element elementor-element-7a3c2475 ban_titre elementor-widget elementor-widget-heading\" data-id=\"7a3c2475\" data-element_type=\"widget\" data-widget_type=\"heading.default\">\n\t\t\t\t\t<h1 class=\"elementor-heading-title elementor-size-default\">Aviso legal <\/h1>\t\t\t\t<\/div>\n\t\t\t\t\t<\/div>\n\t\t\t\t<\/div>\n\t\t\t\t<\/div>\n\t\t<div class=\"elementor-element elementor-element-66068ae e-flex e-con-boxed e-con e-parent\" data-id=\"66068ae\" data-element_type=\"container\">\n\t\t\t\t\t<div class=\"e-con-inner\">\n\t\t\t\t<div class=\"elementor-element elementor-element-7b74d34 elementor-widget elementor-widget-text-editor\" data-id=\"7b74d34\" data-element_type=\"widget\" data-widget_type=\"text-editor.default\">\n\t\t\t\t\t\t\t\t\t<p>Conform\u00e9ment aux dispositions des articles 6-III et 19 de la loi pour la Confiance dans l\u2019\u00e9conomie Num\u00e9rique, nous vous informons que :<\/p><h2><strong>1. Informations l\u00e9gales<\/strong><\/h2><p>Responsable du site : David Deredjian<\/p><p>Mail : contact@c2dprevention.fr<\/p><p>Soci\u00e9t\u00e9 : C2D Pr\u00e9vention<\/p><p>Adresse : 14 Rue du Vieux Faubourg, 59800 Lille<\/p><p>SIRET : 88791827400010<\/p><p>NAF : 7022Z<\/p><p>N\u00b0 TVA intracommunautaire : FR04887918274<\/p><p><strong>Contact technique \/ webmaster :<\/strong>\u00a0contact@noiise.com \/ 01 86 95 21 58<br \/><strong>NOIISE<\/strong><\/p><h2><strong>2. Limitation de responsabilit\u00e9<\/strong><\/h2><p>L\u2019utilisateur reconna\u00eet avoir pris connaissance des pr\u00e9sentes conditions d\u2019utilisation et s\u2019engage \u00e0 les respecter. L\u2019utilisateur de ce site internet reconna\u00eet disposer de la comp\u00e9tence et des moyens n\u00e9cessaires pour acc\u00e9der et utiliser ce site. Les propri\u00e9taires mettent tout en \u0153uvre pour offrir aux utilisateurs des informations et\/ou des outils disponibles et v\u00e9rifi\u00e9s mais ne sauraient \u00eatre tenus pour responsables des erreurs, d\u2019une absence de disponibilit\u00e9 des fonctionnalit\u00e9s et\/ou de la pr\u00e9sence de virus sur son site. Les propri\u00e9taires ne sauraient garantir l\u2019exactitude, la compl\u00e9tude, l\u2019actualit\u00e9 des informations diffus\u00e9es sur son site. En cons\u00e9quence, l\u2019utilisateur reconna\u00eet utiliser ces informations sous sa responsabilit\u00e9 exclusive.<\/p><h2><strong>3. Informatique et Libert\u00e9s<\/strong><\/h2><p>En application de la loi n\u00b078-17 du 6 janvier 1978 modifi\u00e9e, relative \u00e0 l\u2019informatique, aux fichiers et aux libert\u00e9s, le site web a fait l\u2019objet d\u2019une d\u00e9claration aupr\u00e8s de la Commission Nationale de l\u2019Informatique et des Libert\u00e9s (<a href=\"http:\/\/www.cnil.fr\" target=\"_blank\" rel=\"noopener\">www.cnil.fr<\/a>) au titre du traitement de fichiers clients \/ prospect NS-48.<\/p><p>Il fait l\u2019objet de la Dispense n\u00b06 \u2013 D\u00e9lib\u00e9ration n\u00b0 2005-284 du 22 novembre 2005 d\u00e9cidant la dispense de d\u00e9claration des sites web diffusant ou collectant des donn\u00e9es \u00e0 caract\u00e8re personnel mis en \u0153uvre par des particuliers dans le cadre d\u2019une activit\u00e9 exclusivement personnelle.<\/p><h2><strong>4. Cookies<\/strong><\/h2><p>L\u2019utilisateur est inform\u00e9 que lors de ses visites sur le site, un cookie peut s\u2019installer automatiquement sur son logiciel de navigation. Le param\u00e9trage du logiciel de navigation permet d\u2019informer de la pr\u00e9sence de cookies et \u00e9ventuellement, de la refuser de la mani\u00e8re d\u00e9crite \u00e0 l\u2019adresse suivante : <a href=\"http:\/\/www.cnil.fr\" target=\"_blank\" rel=\"noopener\">www.cnil.fr<\/a>. L\u2019utilisateur dispose de l\u2019ensemble des droits susvis\u00e9s s\u2019agissant des donn\u00e9es \u00e0 caract\u00e8re personnel communiqu\u00e9es par le biais des cookies dans les conditions indiqu\u00e9es ci-dessus. Ils doivent notamment s\u2019abstenir, s\u2019agissant des informations \u00e0 caract\u00e8re personnel auxquelles ils acc\u00e8dent ou pourraient acc\u00e9der, de toute collecte, de toute utilisation d\u00e9tourn\u00e9e d\u2019une mani\u00e8re g\u00e9n\u00e9rale, de tout acte susceptible de porter atteinte \u00e0 la vie priv\u00e9e ou \u00e0 la r\u00e9putation des personnes.<\/p><h2><strong>5. R\u00e9glementation<\/strong><\/h2><p>G\u00e9n\u00e9rale de la Protection des Donn\u00e9es Le site internet [URL ICI] respecte la r\u00e9glementation RGPD entr\u00e9e en vigueur le 25 mai 2018. Nous indiquons aux utilisateurs de ce site que des donn\u00e9es sont collect\u00e9es soit pour am\u00e9liorer l\u2019exp\u00e9rience utilisateur soit pour permettre un suivi des demandes par le biais de ce site. Aucun sous-traitant n\u2019a acc\u00e8s aux donn\u00e9es du site [URL ICI] \u00e0 l\u2019exception des prestataires pour la maintenance du site. Les donn\u00e9es sont :<\/p><ul><li>Donn\u00e9es de navigation : navigateur, syst\u00e8me d\u2019exploitation, type de support, pays ou localisation, adresse IP<\/li><li>Donn\u00e9es de traitement : Nom, Pr\u00e9nom, Adresse email, message<\/li><\/ul><p>L\u2019internaute peut faire valoir son droit de connaissances des donn\u00e9es que nous avons en notre possession et peut demander la suppression de ces donn\u00e9es en contactant le r\u00e9f\u00e9rent DPO.<\/p><h2><strong>6. Propri\u00e9t\u00e9 intellectuelle<\/strong><\/h2><p>Sauf indications contraires, les logos, graphiques, marques et\/ou enseignes figurant sur ce site, y compris et de fa\u00e7on non exhaustive, sont des marques d\u00e9pos\u00e9es et ne peuvent \u00eatre utilis\u00e9es \u00e0 des fins commerciales sans accord \u00e9crit pr\u00e9alable.<\/p><h2><strong>7. Accessibilit\u00e9 \/ standards du web<\/strong><\/h2><p>La loi sur le handicap a \u00e9t\u00e9 adopt\u00e9e le 3 f\u00e9vrier 2005. Dans son volet internet, elle impose aux sites de l\u2019administration en ligne de devenir \u00abaccessibles aux personnes handicap\u00e9es\u00bb. Le d\u00e9cret officiel est paru au mois de mai 2009 et impose aux administrations de se mettre en conformit\u00e9 \u00e0 la date du 16 mai 2012. Le code XHTML du site Internet [URL ICI] est conforme \u00e0 la sp\u00e9cification XHTML 1.0. Il est test\u00e9 \u00e0 l\u2019aide du validateur HTML du W3C. Le code de programmation r\u00e9pond aux normes W3C de niveau AA. Ces normes sont indispensables aux sites Internet. Elles permettent d\u2019avoir :<\/p><ul><li>Une meilleure compatibilit\u00e9 entre les navigateurs Internet<\/li><li>Une lecture du code de programmation par les dispositifs techniques des personnes handicap\u00e9es.<\/li><\/ul><p>Une erreur dans le code peut entra\u00eener une lisibilit\u00e9 partielle de la page par ces logiciels.<\/p>\t\t\t\t\t\t\t\t<\/div>\n\t\t\t\t\t<\/div>\n\t\t\t\t<\/div>\n\t\t\t\t<\/div>\n\t\t","protected":false},"excerpt":{"rendered":"<p>Aviso legal Conform\u00e9ment aux dispositions des articles 6-III et 19 de la loi pour la Confiance dans l\u2019\u00e9conomie Num\u00e9rique, nous vous informons que : 1. Informations l\u00e9gales Responsable du site : David Deredjian Mail : contact@c2dprevention.fr Soci\u00e9t\u00e9 : C2D Pr\u00e9vention Adresse : 14 Rue du Vieux Faubourg, 59800 Lille SIRET : 88791827400010 NAF : 7022Z [&hellip;]<\/p>\n","protected":false},"author":2,"featured_media":0,"parent":0,"menu_order":0,"comment_status":"closed","ping_status":"closed","template":"","meta":{"_acf_changed":false,"_yoast_wpseo_focuskw":"","_yoast_wpseo_title":"","_yoast_wpseo_metadesc":"","_yoast_wpseo_meta-robots-noindex":"","_yoast_wpseo_meta-robots-nofollow":"","_yoast_wpseo_opengraph-title":"","_yoast_wpseo_opengraph-description":"","_yoast_wpseo_twitter-title":"","_yoast_wpseo_twitter-description":"","inline_featured_image":false,"_yoast_wpseo_focuskw_text_input":"","footnotes":""},"categories":[],"tags":[],"class_list":["post-4673","page","type-page","status-publish","hentry"],"acf":[],"yoast_head":"<!-- This site is optimized with the Yoast SEO plugin v26.6 - https:\/\/yoast.com\/wordpress\/plugins\/seo\/ -->\n<title>Aviso legal - C2D Prevention<\/title>\n<meta name=\"robots\" content=\"index, follow, max-snippet:-1, max-image-preview:large, max-video-preview:-1\" \/>\n<link rel=\"canonical\" href=\"https:\/\/www.c2dprevention.com\/es\/aviso-legal\/\" \/>\n<meta property=\"og:locale\" content=\"es_ES\" \/>\n<meta property=\"og:type\" content=\"article\" \/>\n<meta property=\"og:title\" content=\"Aviso legal - C2D Prevention\" \/>\n<meta property=\"og:description\" content=\"Aviso legal Conform\u00e9ment aux dispositions des articles 6-III et 19 de la loi pour la Confiance dans l\u2019\u00e9conomie Num\u00e9rique, nous vous informons que : 1. Informations l\u00e9gales Responsable du site : David Deredjian Mail : contact@c2dprevention.fr Soci\u00e9t\u00e9 : C2D Pr\u00e9vention Adresse : 14 Rue du Vieux Faubourg, 59800 Lille SIRET : 88791827400010 NAF : 7022Z [&hellip;]\" \/>\n<meta property=\"og:url\" content=\"https:\/\/www.c2dprevention.com\/es\/aviso-legal\/\" \/>\n<meta property=\"og:site_name\" content=\"C2D Prevention\" \/>\n<meta property=\"article:modified_time\" content=\"2025-06-19T12:41:55+00:00\" \/>\n<meta name=\"twitter:card\" content=\"summary_large_image\" \/>\n<meta name=\"twitter:label1\" content=\"Tiempo de lectura\" \/>\n\t<meta name=\"twitter:data1\" content=\"4 minutos\" \/>\n<script type=\"application\/ld+json\" class=\"yoast-schema-graph\">{\"@context\":\"https:\/\/schema.org\",\"@graph\":[{\"@type\":\"WebPage\",\"@id\":\"https:\/\/www.c2dprevention.com\/es\/aviso-legal\/\",\"url\":\"https:\/\/www.c2dprevention.com\/es\/aviso-legal\/\",\"name\":\"Aviso legal - C2D Prevention\",\"isPartOf\":{\"@id\":\"https:\/\/www.c2dprevention.com\/es\/#website\"},\"datePublished\":\"2025-05-07T14:54:21+00:00\",\"dateModified\":\"2025-06-19T12:41:55+00:00\",\"breadcrumb\":{\"@id\":\"https:\/\/www.c2dprevention.com\/es\/aviso-legal\/#breadcrumb\"},\"inLanguage\":\"es\",\"potentialAction\":[{\"@type\":\"ReadAction\",\"target\":[\"https:\/\/www.c2dprevention.com\/es\/aviso-legal\/\"]}]},{\"@type\":\"BreadcrumbList\",\"@id\":\"https:\/\/www.c2dprevention.com\/es\/aviso-legal\/#breadcrumb\",\"itemListElement\":[{\"@type\":\"ListItem\",\"position\":1,\"name\":\"Inicio\",\"item\":\"https:\/\/www.c2dprevention.com\/es\/accueil-v3-2\/\"},{\"@type\":\"ListItem\",\"position\":2,\"name\":\"Aviso legal\"}]},{\"@type\":\"WebSite\",\"@id\":\"https:\/\/www.c2dprevention.com\/es\/#website\",\"url\":\"https:\/\/www.c2dprevention.com\/es\/\",\"name\":\"C2D Prevention\",\"description\":\"\",\"publisher\":{\"@id\":\"https:\/\/www.c2dprevention.com\/es\/#organization\"},\"potentialAction\":[{\"@type\":\"SearchAction\",\"target\":{\"@type\":\"EntryPoint\",\"urlTemplate\":\"https:\/\/www.c2dprevention.com\/es\/?s={search_term_string}\"},\"query-input\":{\"@type\":\"PropertyValueSpecification\",\"valueRequired\":true,\"valueName\":\"search_term_string\"}}],\"inLanguage\":\"es\"},{\"@type\":\"Organization\",\"@id\":\"https:\/\/www.c2dprevention.com\/es\/#organization\",\"name\":\"C2D Prevention\",\"url\":\"https:\/\/www.c2dprevention.com\/es\/\",\"logo\":{\"@type\":\"ImageObject\",\"inLanguage\":\"es\",\"@id\":\"https:\/\/www.c2dprevention.com\/es\/#\/schema\/logo\/image\/\",\"url\":\"https:\/\/www.c2dprevention.com\/wp-content\/uploads\/2025\/05\/logoc2d.svg\",\"contentUrl\":\"https:\/\/www.c2dprevention.com\/wp-content\/uploads\/2025\/05\/logoc2d.svg\",\"width\":100,\"height\":58,\"caption\":\"C2D Prevention\"},\"image\":{\"@id\":\"https:\/\/www.c2dprevention.com\/es\/#\/schema\/logo\/image\/\"}}]}<\/script>\n<!-- \/ Yoast SEO plugin. -->","yoast_head_json":{"title":"Aviso legal - C2D Prevention","robots":{"index":"index","follow":"follow","max-snippet":"max-snippet:-1","max-image-preview":"max-image-preview:large","max-video-preview":"max-video-preview:-1"},"canonical":"https:\/\/www.c2dprevention.com\/es\/aviso-legal\/","og_locale":"es_ES","og_type":"article","og_title":"Aviso legal - C2D Prevention","og_description":"Aviso legal Conform\u00e9ment aux dispositions des articles 6-III et 19 de la loi pour la Confiance dans l\u2019\u00e9conomie Num\u00e9rique, nous vous informons que : 1. Informations l\u00e9gales Responsable du site : David Deredjian Mail : contact@c2dprevention.fr Soci\u00e9t\u00e9 : C2D Pr\u00e9vention Adresse : 14 Rue du Vieux Faubourg, 59800 Lille SIRET : 88791827400010 NAF : 7022Z [&hellip;]","og_url":"https:\/\/www.c2dprevention.com\/es\/aviso-legal\/","og_site_name":"C2D Prevention","article_modified_time":"2025-06-19T12:41:55+00:00","twitter_card":"summary_large_image","twitter_misc":{"Tiempo de lectura":"4 minutos"},"schema":{"@context":"https:\/\/schema.org","@graph":[{"@type":"WebPage","@id":"https:\/\/www.c2dprevention.com\/es\/aviso-legal\/","url":"https:\/\/www.c2dprevention.com\/es\/aviso-legal\/","name":"Aviso legal - C2D Prevention","isPartOf":{"@id":"https:\/\/www.c2dprevention.com\/es\/#website"},"datePublished":"2025-05-07T14:54:21+00:00","dateModified":"2025-06-19T12:41:55+00:00","breadcrumb":{"@id":"https:\/\/www.c2dprevention.com\/es\/aviso-legal\/#breadcrumb"},"inLanguage":"es","potentialAction":[{"@type":"ReadAction","target":["https:\/\/www.c2dprevention.com\/es\/aviso-legal\/"]}]},{"@type":"BreadcrumbList","@id":"https:\/\/www.c2dprevention.com\/es\/aviso-legal\/#breadcrumb","itemListElement":[{"@type":"ListItem","position":1,"name":"Inicio","item":"https:\/\/www.c2dprevention.com\/es\/accueil-v3-2\/"},{"@type":"ListItem","position":2,"name":"Aviso legal"}]},{"@type":"WebSite","@id":"https:\/\/www.c2dprevention.com\/es\/#website","url":"https:\/\/www.c2dprevention.com\/es\/","name":"C2D Prevention","description":"","publisher":{"@id":"https:\/\/www.c2dprevention.com\/es\/#organization"},"potentialAction":[{"@type":"SearchAction","target":{"@type":"EntryPoint","urlTemplate":"https:\/\/www.c2dprevention.com\/es\/?s={search_term_string}"},"query-input":{"@type":"PropertyValueSpecification","valueRequired":true,"valueName":"search_term_string"}}],"inLanguage":"es"},{"@type":"Organization","@id":"https:\/\/www.c2dprevention.com\/es\/#organization","name":"C2D Prevention","url":"https:\/\/www.c2dprevention.com\/es\/","logo":{"@type":"ImageObject","inLanguage":"es","@id":"https:\/\/www.c2dprevention.com\/es\/#\/schema\/logo\/image\/","url":"https:\/\/www.c2dprevention.com\/wp-content\/uploads\/2025\/05\/logoc2d.svg","contentUrl":"https:\/\/www.c2dprevention.com\/wp-content\/uploads\/2025\/05\/logoc2d.svg","width":100,"height":58,"caption":"C2D Prevention"},"image":{"@id":"https:\/\/www.c2dprevention.com\/es\/#\/schema\/logo\/image\/"}}]}},"_links":{"self":[{"href":"https:\/\/www.c2dprevention.com\/es\/wp-json\/wp\/v2\/pages\/4673","targetHints":{"allow":["GET"]}}],"collection":[{"href":"https:\/\/www.c2dprevention.com\/es\/wp-json\/wp\/v2\/pages"}],"about":[{"href":"https:\/\/www.c2dprevention.com\/es\/wp-json\/wp\/v2\/types\/page"}],"author":[{"embeddable":true,"href":"https:\/\/www.c2dprevention.com\/es\/wp-json\/wp\/v2\/users\/2"}],"replies":[{"embeddable":true,"href":"https:\/\/www.c2dprevention.com\/es\/wp-json\/wp\/v2\/comments?post=4673"}],"version-history":[{"count":4,"href":"https:\/\/www.c2dprevention.com\/es\/wp-json\/wp\/v2\/pages\/4673\/revisions"}],"predecessor-version":[{"id":4721,"href":"https:\/\/www.c2dprevention.com\/es\/wp-json\/wp\/v2\/pages\/4673\/revisions\/4721"}],"wp:attachment":[{"href":"https:\/\/www.c2dprevention.com\/es\/wp-json\/wp\/v2\/media?parent=4673"}],"wp:term":[{"taxonomy":"category","embeddable":true,"href":"https:\/\/www.c2dprevention.com\/es\/wp-json\/wp\/v2\/categories?post=4673"},{"taxonomy":"post_tag","embeddable":true,"href":"https:\/\/www.c2dprevention.com\/es\/wp-json\/wp\/v2\/tags?post=4673"}],"curies":[{"name":"wp","href":"https:\/\/api.w.org\/{rel}","templated":true}]}}