{"id":8868,"date":"2026-02-23T16:59:18","date_gmt":"2026-02-23T15:59:18","guid":{"rendered":"https:\/\/www.c2dprevention.com\/?page_id=8868"},"modified":"2026-02-28T02:46:02","modified_gmt":"2026-02-28T01:46:02","slug":"taller-escape-game-de-seguridad","status":"publish","type":"page","link":"https:\/\/www.c2dprevention.com\/es\/talleres\/taller-escape-game-de-seguridad\/","title":{"rendered":"Taller Escape Game de Seguridad"},"content":{"rendered":"\t\t<div data-elementor-type=\"wp-page\" data-elementor-id=\"8868\" class=\"elementor elementor-8868 elementor-8866\" data-elementor-post-type=\"page\">\n\t\t\t\t<div class=\"elementor-element elementor-element-898a11a e-flex e-con-boxed e-con e-parent\" data-id=\"898a11a\" data-element_type=\"container\" data-settings=\"{&quot;background_background&quot;:&quot;classic&quot;}\">\n\t\t\t\t\t<div class=\"e-con-inner\">\n\t\t\t\t<div class=\"elementor-element elementor-element-122672a breadcrumbs elementor-widget elementor-widget-breadcrumbs\" data-id=\"122672a\" data-element_type=\"widget\" data-widget_type=\"breadcrumbs.default\">\n\t\t\t\t\t<p id=\"breadcrumbs\"><span><span><a href=\"https:\/\/www.c2dprevention.com\/es\/accueil-v3-2\/\">Inicio<\/a><\/span><\/span><\/p>\t\t\t\t<\/div>\n\t\t\t\t\t<\/div>\n\t\t\t\t<\/div>\n\t\t<div class=\"elementor-element elementor-element-8568723 e-flex e-con-boxed e-con e-parent\" data-id=\"8568723\" data-element_type=\"container\">\n\t\t\t\t\t<div class=\"e-con-inner\">\n\t\t<div class=\"elementor-element elementor-element-52ddae7 e-con-full e-flex e-con e-child\" data-id=\"52ddae7\" data-element_type=\"container\">\n\t\t\t\t<div class=\"elementor-element elementor-element-ca1cd6a titre_balise elementor-widget elementor-widget-heading\" data-id=\"ca1cd6a\" data-element_type=\"widget\" data-widget_type=\"heading.default\">\n\t\t\t\t\t<p class=\"elementor-heading-title elementor-size-default\">TALLER<\/p>\t\t\t\t<\/div>\n\t\t\t\t<div class=\"elementor-element elementor-element-3876ebc titre_1 elementor-widget elementor-widget-heading\" data-id=\"3876ebc\" data-element_type=\"widget\" data-widget_type=\"heading.default\">\n\t\t\t\t\t<h1 class=\"elementor-heading-title elementor-size-default\">Taller Escape Game de Seguridad<\/h1>\t\t\t\t<\/div>\n\t\t\t\t<div class=\"elementor-element elementor-element-f306b8c bg_spe_3 elementor-widget elementor-widget-theme-post-featured-image elementor-widget-image\" data-id=\"f306b8c\" data-element_type=\"widget\" data-widget_type=\"theme-post-featured-image.default\">\n\t\t\t\t\t\t\t\t\t\t\t\t\t\t\t<img fetchpriority=\"high\" decoding=\"async\" width=\"780\" height=\"780\" src=\"https:\/\/www.c2dprevention.com\/wp-content\/uploads\/2026\/02\/designer-780x780.jpg\" class=\"attachment-thumbnail size-thumbnail wp-image-8885\" alt=\"Une \u00e9quipe de salari\u00e9s participent \u00e0 un atelier Escape Game S\u00e9curit\u00e9\" srcset=\"https:\/\/www.c2dprevention.com\/wp-content\/uploads\/2026\/02\/designer-780x780.jpg 780w, https:\/\/www.c2dprevention.com\/wp-content\/uploads\/2026\/02\/designer.jpg 1024w\" sizes=\"(max-width: 780px) 100vw, 780px\" \/>\t\t\t\t\t\t\t\t\t\t\t\t\t\t\t<\/div>\n\t\t\t\t<div class=\"elementor-element elementor-element-d8192fb sub_titre elementor-widget elementor-widget-heading\" data-id=\"d8192fb\" data-element_type=\"widget\" data-widget_type=\"heading.default\">\n\t\t\t\t\t<h2 class=\"elementor-heading-title elementor-size-default\"><b>\u00a1TIENEN 45 MINUTOS PARA EVITAR EL ACCIDENTE LABORAL!  <\/b><\/h2>\t\t\t\t<\/div>\n\t\t\t\t<div class=\"elementor-element elementor-element-e490e74 elementor-widget elementor-widget-text-editor\" data-id=\"e490e74\" data-element_type=\"widget\" data-widget_type=\"text-editor.default\">\n\t\t\t\t\t\t\t\t\t<p style=\"font-weight: 400;\">Sus empleados deber\u00e1n poner en com\u00fan sus capacidades para encontrar pistas, resolver enigmas y evitar el accidente en pocos minutos.<\/p><p style=\"font-weight: 400;\"><strong>Se dise\u00f1a un escenario a medida<\/strong> para abordar sus problem\u00e1ticas espec\u00edficas y los mensajes que desea transmitir.<\/p><p style=\"font-weight: 400;\">El taller Escape Game de Seguridad fomenta la cohesi\u00f3n de equipo al tiempo que desarrolla la capacidad de an\u00e1lisis de riesgos y los reflejos preventivos.<\/p>\t\t\t\t\t\t\t\t<\/div>\n\t\t\t\t<\/div>\n\t\t<div class=\"elementor-element elementor-element-9185f48 e-con-full e-flex e-con e-child\" data-id=\"9185f48\" data-element_type=\"container\">\n\t\t<div class=\"elementor-element elementor-element-1adfc79 e-con-full bloc_atelier_info  e-flex e-con e-child\" data-id=\"1adfc79\" data-element_type=\"container\">\n\t\t\t\t<div class=\"elementor-element elementor-element-76dc05a titre_spe_2 elementor-widget elementor-widget-heading\" data-id=\"76dc05a\" data-element_type=\"widget\" data-widget_type=\"heading.default\">\n\t\t\t\t\t<h2 class=\"elementor-heading-title elementor-size-default\"><b>Objetivo<\/b><\/h2>\t\t\t\t<\/div>\n\t\t\t\t<div class=\"elementor-element elementor-element-f2ac9fa elementor-widget elementor-widget-text-editor\" data-id=\"f2ac9fa\" data-element_type=\"widget\" data-widget_type=\"text-editor.default\">\n\t\t\t\t\t\t\t\t\t<p style=\"font-weight: 400;\">Abordar los mensajes de seguridad de su empresa a trav\u00e9s de un juego de enigmas.<\/p>\t\t\t\t\t\t\t\t<\/div>\n\t\t\t\t<div class=\"elementor-element elementor-element-0a36c8c titre_spe_2 elementor-widget elementor-widget-heading\" data-id=\"0a36c8c\" data-element_type=\"widget\" data-widget_type=\"heading.default\">\n\t\t\t\t\t<h2 class=\"elementor-heading-title elementor-size-default\"><b>Contenido <\/b><\/h2>\t\t\t\t<\/div>\n\t\t\t\t<div class=\"elementor-element elementor-element-303d86c liste_puce_2 elementor-widget elementor-widget-text-editor\" data-id=\"303d86c\" data-element_type=\"widget\" data-widget_type=\"text-editor.default\">\n\t\t\t\t\t\t\t\t\t<ul><li style=\"font-weight: 400;\">Resoluci\u00f3n de acertijos, rompecabezas y juegos de l\u00f3gica<\/li><li style=\"font-weight: 400;\">Descubrimiento de un escenario de accidente laboral<\/li><li style=\"font-weight: 400;\">Identificaci\u00f3n de las causas y de las medidas de prevenci\u00f3n correspondientes<\/li><li style=\"font-weight: 400;\">Transmisi\u00f3n de los mensajes clave de la empresa<\/li><\/ul>\t\t\t\t\t\t\t\t<\/div>\n\t\t\t\t<div class=\"elementor-element elementor-element-e9cd945 titre_spe_2 elementor-widget elementor-widget-heading\" data-id=\"e9cd945\" data-element_type=\"widget\" data-widget_type=\"heading.default\">\n\t\t\t\t\t<h2 class=\"elementor-heading-title elementor-size-default\"><b>Formato <\/b><\/h2>\t\t\t\t<\/div>\n\t\t\t\t<div class=\"elementor-element elementor-element-84fb268 liste_puce_2 elementor-widget elementor-widget-text-editor\" data-id=\"84fb268\" data-element_type=\"widget\" data-widget_type=\"text-editor.default\">\n\t\t\t\t\t\t\t\t\t<ul><li style=\"font-weight: 400;\"><strong>Team building<\/strong>, intercambios participativos<\/li><\/ul>\t\t\t\t\t\t\t\t<\/div>\n\t\t\t\t<\/div>\n\t\t\t\t<div class=\"elementor-element elementor-element-0da686d elementor-widget elementor-widget-text-editor\" data-id=\"0da686d\" data-element_type=\"widget\" data-widget_type=\"text-editor.default\">\n\t\t\t\t\t\t\t\t\t<p style=\"text-align: center;\"><strong>\u00a1CONVIERTE LA PREVENCI\u00d3N EN UN REFLEJO!<\/strong>\n<span class=\"txt_color4\"><strong>REGISTRE SU EMPRESA AHORA<\/strong><\/span>\n\u00a1y garantice un entorno de trabajo m\u00e1s seguro para todos!<\/p>\t\t\t\t\t\t\t\t<\/div>\n\t\t\t\t<div class=\"elementor-element elementor-element-cd7293b elementor-align-center btn_cta_1 elementor-widget elementor-widget-button\" data-id=\"cd7293b\" data-element_type=\"widget\" data-widget_type=\"button.default\">\n\t\t\t\t\t\t\t\t\t\t<a class=\"elementor-button elementor-button-link elementor-size-sm\" href=\"https:\/\/www.c2dprevention.com\/es\/contacto\/\">\n\t\t\t\t\t\t<span class=\"elementor-button-content-wrapper\">\n\t\t\t\t\t\t<span class=\"elementor-button-icon\">\n\t\t\t\t<svg xmlns=\"http:\/\/www.w3.org\/2000\/svg\" id=\"uuid-101ee6d2-5b95-4457-aa84-7135214c2a36\" viewBox=\"0 0 60 60\"><g id=\"uuid-0cb23f46-5506-40ea-b00b-933db2d7f9cf\"><path id=\"uuid-50d45051-4c8a-41bb-b1c1-e2a9ceb02cc9\" d=\"M56.09,10H3.91c-2.16,0-3.91,1.75-3.91,3.9v34.47c0,2.15,1.75,3.9,3.91,3.9h52.17c2.16,0,3.91-1.75,3.91-3.9V13.9c0-2.15-1.75-3.9-3.91-3.9ZM54.7,13.02l-22.46,22.16c-1.24,1.22-3.23,1.22-4.48,0L5.31,13.02h49.39ZM3.03,46.81V15.02l15.22,15.03L3.03,46.81ZM4.89,49.25l15.52-17.07,5.22,5.15c2.43,2.38,6.32,2.38,8.74,0l5.12-5.05,15.59,16.95H4.89ZM56.97,46.84l-15.33-16.68,15.33-15.13v31.81Z\" stroke=\"#000\" stroke-miterlimit=\"10\"><\/path><\/g><\/svg>\t\t\t<\/span>\n\t\t\t\t\t\t\t\t\t<span class=\"elementor-button-text\">CONTACTO C2D PR\u00c9VENTION<\/span>\n\t\t\t\t\t<\/span>\n\t\t\t\t\t<\/a>\n\t\t\t\t\t\t\t\t<\/div>\n\t\t\t\t<\/div>\n\t\t\t\t\t<\/div>\n\t\t\t\t<\/div>\n\t\t\t\t<\/div>\n\t\t","protected":false},"excerpt":{"rendered":"<p>TALLER Taller Escape Game de Seguridad \u00a1TIENEN 45 MINUTOS PARA EVITAR EL ACCIDENTE LABORAL! Sus empleados deber\u00e1n poner en com\u00fan sus capacidades para encontrar pistas, resolver enigmas y evitar el accidente en pocos minutos. Se dise\u00f1a un escenario a medida para abordar sus problem\u00e1ticas espec\u00edficas y los mensajes que desea transmitir. El taller Escape Game [&hellip;]<\/p>\n","protected":false},"author":6,"featured_media":8885,"parent":3801,"menu_order":20,"comment_status":"closed","ping_status":"closed","template":"","meta":{"_acf_changed":false,"_yoast_wpseo_focuskw":"","_yoast_wpseo_title":"Taller de gestos y posturas \u2013 C2D Pr\u00e9vention","_yoast_wpseo_metadesc":"Taller de C2D Pr\u00e9vention sobre los gestos y posturas adecuados seg\u00fan las exigencias del puesto de trabajo.","_yoast_wpseo_meta-robots-noindex":"","_yoast_wpseo_meta-robots-nofollow":"","_yoast_wpseo_opengraph-title":"","_yoast_wpseo_opengraph-description":"","_yoast_wpseo_twitter-title":"","_yoast_wpseo_twitter-description":"","inline_featured_image":false,"_yoast_wpseo_focuskw_text_input":"","footnotes":""},"categories":[43],"tags":[],"class_list":["post-8868","page","type-page","status-publish","has-post-thumbnail","hentry","category-ateliers-pages-es"],"acf":[],"yoast_head":"<!-- This site is optimized with the Yoast SEO plugin v26.6 - https:\/\/yoast.com\/wordpress\/plugins\/seo\/ -->\n<title>Taller de gestos y posturas \u2013 C2D Pr\u00e9vention<\/title>\n<meta name=\"description\" content=\"Taller de C2D Pr\u00e9vention sobre los gestos y posturas adecuados seg\u00fan las exigencias del puesto de trabajo.\" \/>\n<meta name=\"robots\" content=\"index, follow, max-snippet:-1, max-image-preview:large, max-video-preview:-1\" \/>\n<link rel=\"canonical\" href=\"https:\/\/www.c2dprevention.com\/es\/talleres\/taller-escape-game-de-seguridad\/\" \/>\n<meta property=\"og:locale\" content=\"es_ES\" \/>\n<meta property=\"og:type\" content=\"article\" \/>\n<meta property=\"og:title\" content=\"Taller de gestos y posturas \u2013 C2D Pr\u00e9vention\" \/>\n<meta property=\"og:description\" content=\"Taller de C2D Pr\u00e9vention sobre los gestos y posturas adecuados seg\u00fan las exigencias del puesto de trabajo.\" \/>\n<meta property=\"og:url\" content=\"https:\/\/www.c2dprevention.com\/es\/talleres\/taller-escape-game-de-seguridad\/\" \/>\n<meta property=\"og:site_name\" content=\"C2D Prevention\" \/>\n<meta property=\"article:modified_time\" content=\"2026-02-28T01:46:02+00:00\" \/>\n<meta property=\"og:image\" content=\"https:\/\/www.c2dprevention.com\/wp-content\/uploads\/2026\/02\/designer.jpg\" \/>\n\t<meta property=\"og:image:width\" content=\"1024\" \/>\n\t<meta property=\"og:image:height\" content=\"1024\" \/>\n\t<meta property=\"og:image:type\" content=\"image\/jpeg\" \/>\n<meta name=\"twitter:card\" content=\"summary_large_image\" \/>\n<meta name=\"twitter:label1\" content=\"Tiempo de lectura\" \/>\n\t<meta name=\"twitter:data1\" content=\"1 minuto\" \/>\n<script type=\"application\/ld+json\" class=\"yoast-schema-graph\">{\"@context\":\"https:\/\/schema.org\",\"@graph\":[{\"@type\":\"WebPage\",\"@id\":\"https:\/\/www.c2dprevention.com\/es\/talleres\/taller-escape-game-de-seguridad\/\",\"url\":\"https:\/\/www.c2dprevention.com\/es\/talleres\/taller-escape-game-de-seguridad\/\",\"name\":\"Taller de gestos y posturas \u2013 C2D Pr\u00e9vention\",\"isPartOf\":{\"@id\":\"https:\/\/www.c2dprevention.com\/es\/#website\"},\"primaryImageOfPage\":{\"@id\":\"https:\/\/www.c2dprevention.com\/es\/talleres\/taller-escape-game-de-seguridad\/#primaryimage\"},\"image\":{\"@id\":\"https:\/\/www.c2dprevention.com\/es\/talleres\/taller-escape-game-de-seguridad\/#primaryimage\"},\"thumbnailUrl\":\"https:\/\/www.c2dprevention.com\/wp-content\/uploads\/2026\/02\/designer.jpg\",\"datePublished\":\"2026-02-23T15:59:18+00:00\",\"dateModified\":\"2026-02-28T01:46:02+00:00\",\"description\":\"Taller de C2D Pr\u00e9vention sobre los gestos y posturas adecuados seg\u00fan las exigencias del puesto de trabajo.\",\"breadcrumb\":{\"@id\":\"https:\/\/www.c2dprevention.com\/es\/talleres\/taller-escape-game-de-seguridad\/#breadcrumb\"},\"inLanguage\":\"es\",\"potentialAction\":[{\"@type\":\"ReadAction\",\"target\":[\"https:\/\/www.c2dprevention.com\/es\/talleres\/taller-escape-game-de-seguridad\/\"]}]},{\"@type\":\"ImageObject\",\"inLanguage\":\"es\",\"@id\":\"https:\/\/www.c2dprevention.com\/es\/talleres\/taller-escape-game-de-seguridad\/#primaryimage\",\"url\":\"https:\/\/www.c2dprevention.com\/wp-content\/uploads\/2026\/02\/designer.jpg\",\"contentUrl\":\"https:\/\/www.c2dprevention.com\/wp-content\/uploads\/2026\/02\/designer.jpg\",\"width\":1024,\"height\":1024,\"caption\":\"Une \u00e9quipe de salari\u00e9s participent \u00e0 un atelier Escape Game S\u00e9curit\u00e9\"},{\"@type\":\"BreadcrumbList\",\"@id\":\"https:\/\/www.c2dprevention.com\/es\/talleres\/taller-escape-game-de-seguridad\/#breadcrumb\",\"itemListElement\":[{\"@type\":\"ListItem\",\"position\":1,\"name\":\"Inicio\",\"item\":\"https:\/\/www.c2dprevention.com\/es\/accueil-v3-2\/\"},{\"@type\":\"ListItem\",\"position\":2,\"name\":\"Talleres\",\"item\":\"https:\/\/www.c2dprevention.com\/es\/talleres\/\"},{\"@type\":\"ListItem\",\"position\":3,\"name\":\"Taller Escape Game de Seguridad\"}]},{\"@type\":\"WebSite\",\"@id\":\"https:\/\/www.c2dprevention.com\/es\/#website\",\"url\":\"https:\/\/www.c2dprevention.com\/es\/\",\"name\":\"C2D Prevention\",\"description\":\"\",\"publisher\":{\"@id\":\"https:\/\/www.c2dprevention.com\/es\/#organization\"},\"potentialAction\":[{\"@type\":\"SearchAction\",\"target\":{\"@type\":\"EntryPoint\",\"urlTemplate\":\"https:\/\/www.c2dprevention.com\/es\/?s={search_term_string}\"},\"query-input\":{\"@type\":\"PropertyValueSpecification\",\"valueRequired\":true,\"valueName\":\"search_term_string\"}}],\"inLanguage\":\"es\"},{\"@type\":\"Organization\",\"@id\":\"https:\/\/www.c2dprevention.com\/es\/#organization\",\"name\":\"C2D Prevention\",\"url\":\"https:\/\/www.c2dprevention.com\/es\/\",\"logo\":{\"@type\":\"ImageObject\",\"inLanguage\":\"es\",\"@id\":\"https:\/\/www.c2dprevention.com\/es\/#\/schema\/logo\/image\/\",\"url\":\"https:\/\/www.c2dprevention.com\/wp-content\/uploads\/2025\/05\/logoc2d.svg\",\"contentUrl\":\"https:\/\/www.c2dprevention.com\/wp-content\/uploads\/2025\/05\/logoc2d.svg\",\"width\":100,\"height\":58,\"caption\":\"C2D Prevention\"},\"image\":{\"@id\":\"https:\/\/www.c2dprevention.com\/es\/#\/schema\/logo\/image\/\"}}]}<\/script>\n<!-- \/ Yoast SEO plugin. -->","yoast_head_json":{"title":"Taller de gestos y posturas \u2013 C2D Pr\u00e9vention","description":"Taller de C2D Pr\u00e9vention sobre los gestos y posturas adecuados seg\u00fan las exigencias del puesto de trabajo.","robots":{"index":"index","follow":"follow","max-snippet":"max-snippet:-1","max-image-preview":"max-image-preview:large","max-video-preview":"max-video-preview:-1"},"canonical":"https:\/\/www.c2dprevention.com\/es\/talleres\/taller-escape-game-de-seguridad\/","og_locale":"es_ES","og_type":"article","og_title":"Taller de gestos y posturas \u2013 C2D Pr\u00e9vention","og_description":"Taller de C2D Pr\u00e9vention sobre los gestos y posturas adecuados seg\u00fan las exigencias del puesto de trabajo.","og_url":"https:\/\/www.c2dprevention.com\/es\/talleres\/taller-escape-game-de-seguridad\/","og_site_name":"C2D Prevention","article_modified_time":"2026-02-28T01:46:02+00:00","og_image":[{"width":1024,"height":1024,"url":"https:\/\/www.c2dprevention.com\/wp-content\/uploads\/2026\/02\/designer.jpg","type":"image\/jpeg"}],"twitter_card":"summary_large_image","twitter_misc":{"Tiempo de lectura":"1 minuto"},"schema":{"@context":"https:\/\/schema.org","@graph":[{"@type":"WebPage","@id":"https:\/\/www.c2dprevention.com\/es\/talleres\/taller-escape-game-de-seguridad\/","url":"https:\/\/www.c2dprevention.com\/es\/talleres\/taller-escape-game-de-seguridad\/","name":"Taller de gestos y posturas \u2013 C2D Pr\u00e9vention","isPartOf":{"@id":"https:\/\/www.c2dprevention.com\/es\/#website"},"primaryImageOfPage":{"@id":"https:\/\/www.c2dprevention.com\/es\/talleres\/taller-escape-game-de-seguridad\/#primaryimage"},"image":{"@id":"https:\/\/www.c2dprevention.com\/es\/talleres\/taller-escape-game-de-seguridad\/#primaryimage"},"thumbnailUrl":"https:\/\/www.c2dprevention.com\/wp-content\/uploads\/2026\/02\/designer.jpg","datePublished":"2026-02-23T15:59:18+00:00","dateModified":"2026-02-28T01:46:02+00:00","description":"Taller de C2D Pr\u00e9vention sobre los gestos y posturas adecuados seg\u00fan las exigencias del puesto de trabajo.","breadcrumb":{"@id":"https:\/\/www.c2dprevention.com\/es\/talleres\/taller-escape-game-de-seguridad\/#breadcrumb"},"inLanguage":"es","potentialAction":[{"@type":"ReadAction","target":["https:\/\/www.c2dprevention.com\/es\/talleres\/taller-escape-game-de-seguridad\/"]}]},{"@type":"ImageObject","inLanguage":"es","@id":"https:\/\/www.c2dprevention.com\/es\/talleres\/taller-escape-game-de-seguridad\/#primaryimage","url":"https:\/\/www.c2dprevention.com\/wp-content\/uploads\/2026\/02\/designer.jpg","contentUrl":"https:\/\/www.c2dprevention.com\/wp-content\/uploads\/2026\/02\/designer.jpg","width":1024,"height":1024,"caption":"Une \u00e9quipe de salari\u00e9s participent \u00e0 un atelier Escape Game S\u00e9curit\u00e9"},{"@type":"BreadcrumbList","@id":"https:\/\/www.c2dprevention.com\/es\/talleres\/taller-escape-game-de-seguridad\/#breadcrumb","itemListElement":[{"@type":"ListItem","position":1,"name":"Inicio","item":"https:\/\/www.c2dprevention.com\/es\/accueil-v3-2\/"},{"@type":"ListItem","position":2,"name":"Talleres","item":"https:\/\/www.c2dprevention.com\/es\/talleres\/"},{"@type":"ListItem","position":3,"name":"Taller Escape Game de Seguridad"}]},{"@type":"WebSite","@id":"https:\/\/www.c2dprevention.com\/es\/#website","url":"https:\/\/www.c2dprevention.com\/es\/","name":"C2D Prevention","description":"","publisher":{"@id":"https:\/\/www.c2dprevention.com\/es\/#organization"},"potentialAction":[{"@type":"SearchAction","target":{"@type":"EntryPoint","urlTemplate":"https:\/\/www.c2dprevention.com\/es\/?s={search_term_string}"},"query-input":{"@type":"PropertyValueSpecification","valueRequired":true,"valueName":"search_term_string"}}],"inLanguage":"es"},{"@type":"Organization","@id":"https:\/\/www.c2dprevention.com\/es\/#organization","name":"C2D Prevention","url":"https:\/\/www.c2dprevention.com\/es\/","logo":{"@type":"ImageObject","inLanguage":"es","@id":"https:\/\/www.c2dprevention.com\/es\/#\/schema\/logo\/image\/","url":"https:\/\/www.c2dprevention.com\/wp-content\/uploads\/2025\/05\/logoc2d.svg","contentUrl":"https:\/\/www.c2dprevention.com\/wp-content\/uploads\/2025\/05\/logoc2d.svg","width":100,"height":58,"caption":"C2D Prevention"},"image":{"@id":"https:\/\/www.c2dprevention.com\/es\/#\/schema\/logo\/image\/"}}]}},"_links":{"self":[{"href":"https:\/\/www.c2dprevention.com\/es\/wp-json\/wp\/v2\/pages\/8868","targetHints":{"allow":["GET"]}}],"collection":[{"href":"https:\/\/www.c2dprevention.com\/es\/wp-json\/wp\/v2\/pages"}],"about":[{"href":"https:\/\/www.c2dprevention.com\/es\/wp-json\/wp\/v2\/types\/page"}],"author":[{"embeddable":true,"href":"https:\/\/www.c2dprevention.com\/es\/wp-json\/wp\/v2\/users\/6"}],"replies":[{"embeddable":true,"href":"https:\/\/www.c2dprevention.com\/es\/wp-json\/wp\/v2\/comments?post=8868"}],"version-history":[{"count":5,"href":"https:\/\/www.c2dprevention.com\/es\/wp-json\/wp\/v2\/pages\/8868\/revisions"}],"predecessor-version":[{"id":9302,"href":"https:\/\/www.c2dprevention.com\/es\/wp-json\/wp\/v2\/pages\/8868\/revisions\/9302"}],"up":[{"embeddable":true,"href":"https:\/\/www.c2dprevention.com\/es\/wp-json\/wp\/v2\/pages\/3801"}],"wp:featuredmedia":[{"embeddable":true,"href":"https:\/\/www.c2dprevention.com\/es\/wp-json\/wp\/v2\/media\/8885"}],"wp:attachment":[{"href":"https:\/\/www.c2dprevention.com\/es\/wp-json\/wp\/v2\/media?parent=8868"}],"wp:term":[{"taxonomy":"category","embeddable":true,"href":"https:\/\/www.c2dprevention.com\/es\/wp-json\/wp\/v2\/categories?post=8868"},{"taxonomy":"post_tag","embeddable":true,"href":"https:\/\/www.c2dprevention.com\/es\/wp-json\/wp\/v2\/tags?post=8868"}],"curies":[{"name":"wp","href":"https:\/\/api.w.org\/{rel}","templated":true}]}}